{"id":10140,"date":"2018-06-08T09:21:12","date_gmt":"2018-06-08T07:21:12","guid":{"rendered":"https:\/\/aceautomation.eu\/?page_id=10140"},"modified":"2019-08-19T15:07:45","modified_gmt":"2019-08-19T13:07:45","slug":"contact","status":"publish","type":"page","link":"https:\/\/aceautomation.eu\/de\/contact\/","title":{"rendered":"Contact"},"content":{"rendered":"<p>[et_pb_section bb_built=&#8221;1&#8243; _builder_version=&#8221;3.0.47&#8243; next_background_color=&#8221;#000000&#8243;][et_pb_row _builder_version=&#8221;3.5.1&#8243; background_size=&#8221;initial&#8221; background_position=&#8221;top_left&#8221; background_repeat=&#8221;repeat&#8221;][et_pb_column type=&#8221;4_4&#8243;][et_pb_text admin_label=&#8221;Greetings&#8221; _builder_version=&#8221;3.5.1&#8243;]<\/p>\n<h1>Hallo !<\/h1>\n<p>[\/et_pb_text][\/et_pb_column][\/et_pb_row][et_pb_row _builder_version=&#8221;3.0.47&#8243; background_size=&#8221;initial&#8221; background_position=&#8221;top_left&#8221; background_repeat=&#8221;repeat&#8221;][et_pb_column type=&#8221;4_4&#8243;][et_pb_text admin_label=&#8221;About us&#8221; _builder_version=&#8221;3.5.1&#8243; header_2_text_color=&#8221;#0f55a5&#8243;]<\/p>\n<h2>Wer sind wir ?<\/h2>\n<p>[\/et_pb_text][et_pb_text _builder_version=&#8221;3.5.1&#8243;]<\/p>\n<p>Wir sind ein leidenschaftliches Team von Ingenieuren, die Ace PLC gegr\u00fcndet haben, weil wir frustriert dar\u00fcber waren, wie wenig der SPS-Markt fortgeschritten ist. Hardware ist teuer und Software sieht aus, als w\u00e4re sie seit Jahren in der Zeit eingefroren. Wir wollten eine fortschrittlichere SPS entwickeln, um die Entwicklungszeit zu verk\u00fcrzen und die Kosten zu senken.<\/p>\n<p>Unser Team ist seit vielen Jahren in der Automatisierungswelt t\u00e4tig. Dennis, unser Pr\u00e4sident, begann 1990 Optimation. Optimation machte die ersten Bedienpulte. Als Beweis f\u00fcr ihre Qualit\u00e4t werden sie auch heute noch verkauft.<\/p>\n<p>Ace PLC Abenteuer begann im Jahr 2007. 5 Jahre lang wurde eine SPS der n\u00e4chsten Generation entwickelt. In dieser Zeit schufen wir viele Prototypen, aber wir wollten nicht auf den Markt gehen, bis wir etwas hatten, worauf wir wirklich stolz waren. Ace PLC sind das Ergebnis dieses Strebens nach einer wirklich gro\u00dfartigen SPS.<\/p>\n<blockquote><p><em>Wir sind sicher, dass Sie sie lieben werden und freuen uns darauf, zu h\u00f6ren, wie Sie sie verwenden.<\/em><\/p><\/blockquote>\n<p>[\/et_pb_text][\/et_pb_column][\/et_pb_row][\/et_pb_section][et_pb_section bb_built=&#8221;1&#8243; _builder_version=&#8221;3.3.1&#8243; saved_tabs=&#8221;all&#8221; locked=&#8221;off&#8221; prev_background_color=&#8221;#000000&#8243; next_background_color=&#8221;#000000&#8243;][et_pb_row _builder_version=&#8221;3.5.1&#8243; background_size=&#8221;initial&#8221; background_position=&#8221;top_left&#8221; background_repeat=&#8221;repeat&#8221;][et_pb_column type=&#8221;4_4&#8243;][et_pb_divider _builder_version=&#8221;3.5.1&#8243; max_width=&#8221;8%&#8221; module_alignment=&#8221;center&#8221; saved_tabs=&#8221;all&#8221; \/][\/et_pb_column][\/et_pb_row][\/et_pb_section][et_pb_section bb_built=&#8221;1&#8243; _builder_version=&#8221;3.5.1&#8243; prev_background_color=&#8221;#000000&#8243; next_background_color=&#8221;#000000&#8243;][et_pb_row _builder_version=&#8221;3.5.1&#8243;][et_pb_column type=&#8221;1_3&#8243;][et_pb_text admin_label=&#8221;ACE AUTOMATION Europe&#8221; _builder_version=&#8221;3.5.1&#8243; header_2_text_color=&#8221;#0f55a5&#8243;]<\/p>\n<h2>ACE Automation Europe<\/h2>\n<p>[\/et_pb_text][et_pb_text admin_label=&#8221;ACE AUTOMATION Europe&#8221; _builder_version=&#8221;3.5.1&#8243;]<\/p>\n<p>route de Romans<br \/>\n01400 Ch\u00e2tillon-Sur-Chalaronne<br \/>\nFrance<br \/>\n+33 4 74 55 52 51<br \/>\n<span style=\"color: #999999;\">VAT: FR91818097412<\/span><\/p>\n<p>[\/et_pb_text][et_pb_text admin_label=&#8221;EMail&#8221; _builder_version=&#8221;3.5.1&#8243; background_color=&#8221;#0f55a5&#8243; header_4_font=&#8221;|||on|||||&#8221; header_4_text_align=&#8221;center&#8221; header_4_text_color=&#8221;#ffffff&#8221; saved_tabs=&#8221;all&#8221;]<\/p>\n<h4><!--Place the code below where you want the link to be displayed--><br \/>\n<span id=\"obf\"><script>document.getElementById(\"obf\").innerHTML=\"<n uers=\\\"znvygb:vasb@nprnhgbzngvba.rh?fhowrpg=Vasbezngvba erdhrfg\\\" >rZnvy<\/n>\".replace(\/[a-zA-Z]\/g,function(c){return String.fromCharCode((c<=\"Z\"?90:122)>=(c=c.charCodeAt(0)+13)?c:c-26);});document.body.appendChild(eo);<\/script><br \/>\n<noscript><span style=\"unicode-bidi:bidi-override;direction:rtl;\">ue.noitamotuaeca@ofni<\/span><\/noscript><\/span><\/h4>\n<p>[\/et_pb_text][\/et_pb_column][et_pb_column type=&#8221;2_3&#8243;][et_pb_image admin_label=&#8221;Office&#8221; src=&#8221;https:\/\/aceautomation.eu\/wp-content\/uploads\/office-building-ace-automation-bw-1-e15166404374871-1.png&#8221; _builder_version=&#8221;3.5.1&#8243; align=&#8221;center&#8221; border_width_all=&#8221;1px&#8221; border_color_all=&#8221;#0f55a5&#8243; box_shadow_style=&#8221;preset3&#8243; custom_margin=&#8221;50px|||&#8221; \/][\/et_pb_column][\/et_pb_row][\/et_pb_section][et_pb_section bb_built=&#8221;1&#8243; _builder_version=&#8221;3.9&#8243; prev_background_color=&#8221;#000000&#8243;][et_pb_row _builder_version=&#8221;3.9&#8243;][et_pb_column type=&#8221;4_4&#8243;][et_pb_divider _builder_version=&#8221;3.5.1&#8243; max_width=&#8221;8%&#8221; module_alignment=&#8221;center&#8221; saved_tabs=&#8221;all&#8221; \/][et_pb_text _builder_version=&#8221;3.9&#8243; header_2_text_color=&#8221;#0f55a5&#8243;]<\/p>\n<h2>Kontaktieren Sie uns<\/h2>\n<p>[\/et_pb_text][et_pb_text admin_label=&#8221;Contact From 7 &#8211; Voir aussi CSS Th\u00e8me DIVI&#8221; _builder_version=&#8221;3.9&#8243;]<\/p>\n\n<div class=\"wpcf7 no-js\" id=\"wpcf7-f10922-o1\" lang=\"en-US\" dir=\"ltr\" data-wpcf7-id=\"10922\">\n<div class=\"screen-reader-response\"><p role=\"status\" aria-live=\"polite\" aria-atomic=\"true\"><\/p> <ul><\/ul><\/div>\n<form action=\"\/de\/wp-json\/wp\/v2\/pages\/10140#wpcf7-f10922-o1\" method=\"post\" class=\"wpcf7-form init\" aria-label=\"Contact form\" novalidate=\"novalidate\" data-status=\"init\">\n<fieldset class=\"hidden-fields-container\"><input type=\"hidden\" name=\"_wpcf7\" value=\"10922\" \/><input type=\"hidden\" name=\"_wpcf7_version\" value=\"6.1.5\" \/><input type=\"hidden\" name=\"_wpcf7_locale\" value=\"en_US\" \/><input type=\"hidden\" name=\"_wpcf7_unit_tag\" value=\"wpcf7-f10922-o1\" \/><input type=\"hidden\" name=\"_wpcf7_container_post\" value=\"0\" \/><input type=\"hidden\" name=\"_wpcf7_posted_data_hash\" value=\"\" \/><input type=\"hidden\" name=\"_wpcf7_recaptcha_response\" value=\"\" \/>\n<\/fieldset>\n<p><label> Nom<br \/>\n<span class=\"wpcf7-form-control-wrap\" data-name=\"your-name\"><input size=\"150\" maxlength=\"400\" class=\"wpcf7-form-control wpcf7-text wpcf7-validates-as-required\" aria-required=\"true\" aria-invalid=\"false\" value=\"\" type=\"text\" name=\"your-name\" \/><\/span> <\/label>\n<\/p>\n<p><label> Email - Achte darauf, dass du die richtige Syntax hast!<br \/>\n<span class=\"wpcf7-form-control-wrap\" data-name=\"your-email\"><input size=\"150\" maxlength=\"400\" class=\"wpcf7-form-control wpcf7-email wpcf7-validates-as-required wpcf7-text wpcf7-validates-as-email\" aria-required=\"true\" aria-invalid=\"false\" value=\"\" type=\"email\" name=\"your-email\" \/><\/span> <\/label>\n<\/p>\n<p><label> Nachricht<br \/>\n<span class=\"wpcf7-form-control-wrap\" data-name=\"your-message\"><textarea cols=\"145\" rows=\"10\" maxlength=\"2000\" class=\"wpcf7-form-control wpcf7-textarea\" aria-invalid=\"false\" name=\"your-message\"><\/textarea><\/span> <\/label>\n<\/p>\n\n<p><input class=\"wpcf7-form-control wpcf7-submit has-spinner\" type=\"submit\" value=\"Absenden\" \/>\n<\/p><div class=\"wpcf7-response-output\" aria-hidden=\"true\"><\/div>\n<\/form>\n<\/div>\n\n<p>[\/et_pb_text][\/et_pb_column][\/et_pb_row][\/et_pb_section]<\/p>\n","protected":false},"excerpt":{"rendered":"<p>Hallo ! Wer sind wir ? Wir sind ein leidenschaftliches Team von Ingenieuren, die Ace PLC gegr\u00fcndet haben, weil wir frustriert dar\u00fcber waren, wie wenig der SPS-Markt fortgeschritten ist. Hardware ist teuer und Software sieht aus, als w\u00e4re sie seit Jahren in der Zeit eingefroren. Wir wollten eine fortschrittlichere SPS entwickeln, um die Entwicklungszeit zu [&hellip;]<\/p>\n","protected":false},"author":1,"featured_media":0,"parent":0,"menu_order":0,"comment_status":"closed","ping_status":"closed","template":"","meta":{"_seopress_robots_primary_cat":"","_seopress_titles_title":"","_seopress_titles_desc":"","_seopress_robots_index":"","_et_pb_use_builder":"on","_et_pb_old_content":"","_et_gb_content_width":"","footnotes":""},"class_list":["post-10140","page","type-page","status-publish","hentry"],"_links":{"self":[{"href":"https:\/\/aceautomation.eu\/de\/wp-json\/wp\/v2\/pages\/10140","targetHints":{"allow":["GET"]}}],"collection":[{"href":"https:\/\/aceautomation.eu\/de\/wp-json\/wp\/v2\/pages"}],"about":[{"href":"https:\/\/aceautomation.eu\/de\/wp-json\/wp\/v2\/types\/page"}],"author":[{"embeddable":true,"href":"https:\/\/aceautomation.eu\/de\/wp-json\/wp\/v2\/users\/1"}],"replies":[{"embeddable":true,"href":"https:\/\/aceautomation.eu\/de\/wp-json\/wp\/v2\/comments?post=10140"}],"version-history":[{"count":14,"href":"https:\/\/aceautomation.eu\/de\/wp-json\/wp\/v2\/pages\/10140\/revisions"}],"predecessor-version":[{"id":20236,"href":"https:\/\/aceautomation.eu\/de\/wp-json\/wp\/v2\/pages\/10140\/revisions\/20236"}],"wp:attachment":[{"href":"https:\/\/aceautomation.eu\/de\/wp-json\/wp\/v2\/media?parent=10140"}],"curies":[{"name":"wp","href":"https:\/\/api.w.org\/{rel}","templated":true}]}}