{"id":26318,"date":"2022-03-21T10:10:21","date_gmt":"2022-03-21T09:10:21","guid":{"rendered":"https:\/\/aceautomation.eu\/hmi-ihm-definition-facile\/"},"modified":"2022-03-21T10:20:56","modified_gmt":"2022-03-21T09:20:56","slug":"einfache-und-allgemeine-definition-einer-hmi","status":"publish","type":"page","link":"https:\/\/aceautomation.eu\/de\/einfache-und-allgemeine-definition-einer-hmi\/","title":{"rendered":"Einfache und allgemeine Definition einer HMI"},"content":{"rendered":"<p>HMI steht f\u00fcr &#8220;Human Machine Interface&#8221; (Mensch-Maschine-Schnittstelle) oder IHM f\u00fcr &#8220;Interface homme machine&#8221; (Schnittstelle Mensch-Maschine).<img decoding=\"async\" class=\"size-full wp-image-24689 alignright\" src=\"https:\/\/aceautomation.eu\/wp-content\/uploads\/hmi-touch-panel.png\" alt=\"\" width=\"300\" height=\"300\" srcset=\"https:\/\/aceautomation.eu\/wp-content\/uploads\/hmi-touch-panel.png 300w, https:\/\/aceautomation.eu\/wp-content\/uploads\/hmi-touch-panel-150x150.png 150w, https:\/\/aceautomation.eu\/wp-content\/uploads\/hmi-touch-panel-100x100.png 100w\" sizes=\"(max-width: 300px) 100vw, 300px\" \/><\/p>\n<p>Eine Mensch-Maschine-Schnittstelle (HMI) ist eine Benutzerschnittstelle, die eine Person mit einer Maschine, einem System oder einem Ger\u00e4t verbindet. Der Begriff definiert im weitesten Sinne jedes Ger\u00e4t, das es einem Benutzer erm\u00f6glicht, mit einem Ger\u00e4t in einer industriellen Umgebung zu interagieren.<\/p>\n<p>Die Schnittstelle umfasst die 3 Hauptfunktionen der menschlichen Interaktion:<\/p>\n<ul>\n<li>Ber\u00fchren (Steuerung \u00fcber Tasten, Touchscreens, Tastaturen, Keypads)<\/li>\n<li>Sehen (\u00dcberwachung und Steuerung auf dem Bildschirm, \u00dcberwachung von Lichts\u00e4ulen)<\/li>\n<li>Zuh\u00f6ren (akustische Alarme, Signalt\u00f6ne)<\/li>\n<\/ul>\n<p>HMI-Ger\u00e4te in industriellen Umgebungen erm\u00f6glichen die \u00dcberwachung und\/oder Steuerung der Ger\u00e4te, an die sie \u00fcber eine SPS (programmierbar oder nicht) angeschlossen sind.<br \/>\nDie Funktionen sind:<\/p>\n<ul>\n<li>Einstellungen<\/li>\n<li>Steuerung und Kontrolle<\/li>\n<li>\u00dcberwachung und Kontrolle<\/li>\n<li>Speicherung von historischen Daten<\/li>\n<li>Intelligentes Gateway<\/li>\n<\/ul>\n<p>&nbsp;<\/p>\n<p>&nbsp;<\/p>\n<p>&nbsp;<\/p>\n<p>&nbsp;<\/p>\n","protected":false},"excerpt":{"rendered":"<p>HMI steht f\u00fcr &#8220;Human Machine Interface&#8221; (Mensch-Maschine-Schnittstelle) oder IHM f\u00fcr &#8220;Interface homme machine&#8221; (Schnittstelle Mensch-Maschine). Eine Mensch-Maschine-Schnittstelle (HMI) ist eine Benutzerschnittstelle, die eine Person mit einer Maschine, einem System oder einem Ger\u00e4t verbindet. Der Begriff definiert im weitesten Sinne jedes Ger\u00e4t, das es einem Benutzer erm\u00f6glicht, mit einem Ger\u00e4t in einer industriellen Umgebung zu interagieren. [&hellip;]<\/p>\n","protected":false},"author":1,"featured_media":0,"parent":0,"menu_order":0,"comment_status":"closed","ping_status":"closed","template":"","meta":{"_seopress_robots_primary_cat":"","_seopress_titles_title":"","_seopress_titles_desc":"","_seopress_robots_index":"","_et_pb_use_builder":"","_et_pb_old_content":"","_et_gb_content_width":"","footnotes":""},"class_list":["post-26318","page","type-page","status-publish","hentry"],"_links":{"self":[{"href":"https:\/\/aceautomation.eu\/de\/wp-json\/wp\/v2\/pages\/26318","targetHints":{"allow":["GET"]}}],"collection":[{"href":"https:\/\/aceautomation.eu\/de\/wp-json\/wp\/v2\/pages"}],"about":[{"href":"https:\/\/aceautomation.eu\/de\/wp-json\/wp\/v2\/types\/page"}],"author":[{"embeddable":true,"href":"https:\/\/aceautomation.eu\/de\/wp-json\/wp\/v2\/users\/1"}],"replies":[{"embeddable":true,"href":"https:\/\/aceautomation.eu\/de\/wp-json\/wp\/v2\/comments?post=26318"}],"version-history":[{"count":5,"href":"https:\/\/aceautomation.eu\/de\/wp-json\/wp\/v2\/pages\/26318\/revisions"}],"predecessor-version":[{"id":26340,"href":"https:\/\/aceautomation.eu\/de\/wp-json\/wp\/v2\/pages\/26318\/revisions\/26340"}],"wp:attachment":[{"href":"https:\/\/aceautomation.eu\/de\/wp-json\/wp\/v2\/media?parent=26318"}],"curies":[{"name":"wp","href":"https:\/\/api.w.org\/{rel}","templated":true}]}}