{"id":10430,"date":"2018-05-14T11:46:36","date_gmt":"2018-05-14T09:46:36","guid":{"rendered":"https:\/\/aceautomation.eu\/product\/tbtn06-35l-transistor-optokoppler-anschlussklemme-npn\/"},"modified":"2026-04-14T15:07:44","modified_gmt":"2026-04-14T13:07:44","slug":"tbtn06-35l-transistor-optokoppler-anschlussklemme-npn","status":"publish","type":"product","link":"https:\/\/aceautomation.eu\/de\/produkt\/tbtn06-35l-transistor-optokoppler-anschlussklemme-npn\/","title":{"rendered":"TBTN06-35L <\/br>Transistor Optokoppler Anschlussklemme NPN"},"content":{"rendered":"<p>Terminals :<br \/>\nLeiterquerschnitt: 1,5 mm2<\/p>\n<p>Montage :<br \/>\nVerwenden Sie eine 35 mm DIN-Schiene oder Schrauben.<\/p>\n<p>Lieferung mit 45 cm vorkonfektioniertem Kabel zum Anschluss an Ihre ACE-SPS.<\/p>\n\n","protected":false},"excerpt":{"rendered":"<p><span style=\"color: #0f55a5;\"><strong>Stellt optisch isolierte NPN-Transistorausg\u00e4nge f\u00fcr digitale Ausg\u00e4nge zur Verf\u00fcgung.<\/strong><\/span><br \/>\nSpannung: 5-28 VDC<br \/>\nStrom: bis zu 2 A pro Ausgang (NPN)<br \/>\nWiderstand: 50 bis 80 mOhms<br \/>\nMaximaler Strom: 10 A pro Modul<br \/>\nIsolation: 3750 V<\/p>\n","protected":false},"featured_media":1189,"template":"","meta":{"_seopress_robots_primary_cat":"","_seopress_titles_title":"","_seopress_titles_desc":"","_seopress_robots_index":"","_et_pb_use_builder":"","_et_pb_old_content":"","_et_gb_content_width":""},"product_brand":[],"product_cat":[157],"product_tag":[],"class_list":{"0":"post-10430","1":"product","2":"type-product","3":"status-publish","4":"has-post-thumbnail","6":"product_cat-boards-de","8":"first","9":"instock","10":"taxable","11":"shipping-taxable","12":"purchasable","13":"product-type-simple"},"_links":{"self":[{"href":"https:\/\/aceautomation.eu\/de\/wp-json\/wp\/v2\/product\/10430","targetHints":{"allow":["GET"]}}],"collection":[{"href":"https:\/\/aceautomation.eu\/de\/wp-json\/wp\/v2\/product"}],"about":[{"href":"https:\/\/aceautomation.eu\/de\/wp-json\/wp\/v2\/types\/product"}],"wp:featuredmedia":[{"embeddable":true,"href":"https:\/\/aceautomation.eu\/de\/wp-json\/wp\/v2\/media\/1189"}],"wp:attachment":[{"href":"https:\/\/aceautomation.eu\/de\/wp-json\/wp\/v2\/media?parent=10430"}],"wp:term":[{"taxonomy":"product_brand","embeddable":true,"href":"https:\/\/aceautomation.eu\/de\/wp-json\/wp\/v2\/product_brand?post=10430"},{"taxonomy":"product_cat","embeddable":true,"href":"https:\/\/aceautomation.eu\/de\/wp-json\/wp\/v2\/product_cat?post=10430"},{"taxonomy":"product_tag","embeddable":true,"href":"https:\/\/aceautomation.eu\/de\/wp-json\/wp\/v2\/product_tag?post=10430"}],"curies":[{"name":"wp","href":"https:\/\/api.w.org\/{rel}","templated":true}]}}