{"id":18638,"date":"2018-10-18T17:28:00","date_gmt":"2018-10-18T15:28:00","guid":{"rendered":"https:\/\/aceautomation.eu\/?post_type=product&#038;p=18638"},"modified":"2026-02-16T08:11:11","modified_gmt":"2026-02-16T07:11:11","slug":"ace-1630v10-sps-3-digitale-eingange-3-digitale-ausgange-3-analog-eingange-1-serielle-schnittstelle-rs232-modbus-ascii-1-modbus-usb-anschluss","status":"publish","type":"product","link":"https:\/\/aceautomation.eu\/de\/produkt\/ace-1630v10-sps-3-digitale-eingange-3-digitale-ausgange-3-analog-eingange-1-serielle-schnittstelle-rs232-modbus-ascii-1-modbus-usb-anschluss\/","title":{"rendered":"ACE 1630v10 SPS <br>3 Digitale Eing\u00e4nge <br>3 Digitale Ausg\u00e4nge <br>3 Analog Eing\u00e4nge <br>1 Serielle Schnittstelle RS232 Modbus\/ASCII <br>1 Modbus-USB-Anschluss"},"content":{"rendered":"<p><strong>CPU:<\/strong><br \/>\nEchtzeituhr.<br \/>\nAblauf eines Scan-Zyklus 110 Mikrosekunden.<br \/>\nMaximale Anzahl der Befehlsbl\u00f6cke: 4000<br \/>\nMaximum an Unterprogrammen: 68<br \/>\nMaximale Anzahl der Tag-Namen: 950<\/p>\n<p><strong>EIN-\/AUSG\u00c4NGE IMPEDANZEN:<\/strong><br \/>\nDigitale Eing\u00e4nge: 10 KOhm<br \/>\n0-20mA Analogeing\u00e4nge: 100 Ohm<br \/>\n0-10V Analogeing\u00e4nge: 1 MOhm<br \/>\n0-5V Analogeing\u00e4nge: 499 KOhm<\/p>\n<p><strong>Mechanisch:<\/strong><br \/>\nGro\u00dfer Betriebstemperaturbereich -40 +85 \u00b0C.<br \/>\nLuftfeuchtigkeit: 0 bis 95% nicht kondensierend<br \/>\nLeichtgewicht: Weniger als 35 gr !<br \/>\nSehr kleine Abmessungen: 63,5 x 63,5 x 12,7 mm<br \/>\nVerbrauch ab 0,18 W !<br \/>\nHelle LEDs f\u00fcr jeden Ein- und Ausgang.<br \/>\nEMV-Richtlinie 2004\/108\/EG 2014\/30\/EG - CE<\/p>\n<p><strong>Inbegriffen\/optional:<\/strong><br \/>\nSteckverbinder werden mitgeliefert.<br \/>\n3M quadratisches Doppelseitenband wird mitgeliefert.<br \/>\nOptionale Schnittstellen Relais, Hochspannungseing\u00e4nge, optogekoppelte Ausg\u00e4nge,....<br \/>\nOptionale Hutschienenmontage<\/p>\n\n","protected":false},"excerpt":{"rendered":"<p><span style=\"color: #0f55a5;\"><strong>Digitale Eing\u00e4nge<\/strong><\/span>:<br \/>\n3-30 VDC. Gesch\u00fctzte digitale Eing\u00e4nge.<br \/>\nBis zu 3 Impulsz\u00e4hler oder Quadraturgeber. 250 KHz.<br \/>\nAnti-R\u00fcckst\u00f6\u00dfe per Programm w\u00e4hlbar: 0 bis 255 Millisekunden.<\/p>\n\n<p><span style=\"color: #0f55a5;\"><strong>Digitale Ausg\u00e4nge<\/strong><\/span>:<br \/>\n3-30 VDC. 0,3 A. NPN-Transistor.<br \/>\nBis zu 3 Schrittmotorsteuerungen bei 250 KHz.<br \/>\nPWM mit 1 Mikrosekunde Aufl\u00f6sung an allen Ausg\u00e4ngen.<\/p>\n\n<p><span style=\"color: #0f55a5;\"><strong>Analoge Eing\u00e4nge:<\/strong><\/span><br \/>\n12 Bit \/ 4096 p<br \/>\nSuffix <code>c<\/code> \u2192 0\u201320 mA<br \/>\nSuffix <code>v5<\/code> \u2192 0\u20135 V<br \/>\nSuffix <code>v10<\/code> \u2192 0\u201310 V<\/p>\n\n<p><span style=\"color: #0f55a5;\"><strong>Kommunikation<\/strong><\/span>:<br \/>\nRS232. Modbus-RTU-Slave oder ASCII.<br \/>\nMicro-USB-Programmierschnittstelle. Modbus-RTU-Slave.<\/p>\n\n","protected":false},"featured_media":18633,"template":"","meta":{"_seopress_robots_primary_cat":"","_seopress_titles_title":"","_seopress_titles_desc":"","_seopress_robots_index":"","_et_pb_use_builder":"","_et_pb_old_content":"","_et_gb_content_width":""},"product_brand":[],"product_cat":[71],"product_tag":[],"class_list":{"0":"post-18638","1":"product","2":"type-product","3":"status-publish","4":"has-post-thumbnail","6":"product_cat-automates-ace-de","8":"first","9":"instock","10":"taxable","11":"shipping-taxable","12":"purchasable","13":"product-type-simple"},"_links":{"self":[{"href":"https:\/\/aceautomation.eu\/de\/wp-json\/wp\/v2\/product\/18638","targetHints":{"allow":["GET"]}}],"collection":[{"href":"https:\/\/aceautomation.eu\/de\/wp-json\/wp\/v2\/product"}],"about":[{"href":"https:\/\/aceautomation.eu\/de\/wp-json\/wp\/v2\/types\/product"}],"wp:featuredmedia":[{"embeddable":true,"href":"https:\/\/aceautomation.eu\/de\/wp-json\/wp\/v2\/media\/18633"}],"wp:attachment":[{"href":"https:\/\/aceautomation.eu\/de\/wp-json\/wp\/v2\/media?parent=18638"}],"wp:term":[{"taxonomy":"product_brand","embeddable":true,"href":"https:\/\/aceautomation.eu\/de\/wp-json\/wp\/v2\/product_brand?post=18638"},{"taxonomy":"product_cat","embeddable":true,"href":"https:\/\/aceautomation.eu\/de\/wp-json\/wp\/v2\/product_cat?post=18638"},{"taxonomy":"product_tag","embeddable":true,"href":"https:\/\/aceautomation.eu\/de\/wp-json\/wp\/v2\/product_tag?post=18638"}],"curies":[{"name":"wp","href":"https:\/\/api.w.org\/{rel}","templated":true}]}}