{"id":22896,"date":"2020-05-07T16:09:00","date_gmt":"2020-05-07T14:09:00","guid":{"rendered":"https:\/\/aceautomation.eu\/?post_type=product&#038;p=22896"},"modified":"2026-04-22T09:30:10","modified_gmt":"2026-04-22T07:30:10","slug":"ace-gtw-mqtt-mini-modbus-mqtt-gateway-ethernet-wifi-mqtt-client-zu-usb-modbus-rtu-master-gateway","status":"publish","type":"product","link":"https:\/\/aceautomation.eu\/de\/produkt\/ace-gtw-mqtt-mini-modbus-mqtt-gateway-ethernet-wifi-mqtt-client-zu-usb-modbus-rtu-master-gateway\/","title":{"rendered":"ACE-GTW-MQTT <br>Mini Modbus MQTT Gateway <br>Ethernet\/WiFi MQTT Client zu USB Modbus RTU Master Gateway"},"content":{"rendered":"<p>1 USB 2.0 Modbus-Anschluss (verbunden mit dem ACE-USB-Anschluss)<br \/>\nWIFI 2,4 GHz 802,11n MiMo (an MQTT-Broker)<br \/>\n1 LAN + 1 WAN RJ45 Ethernet 100 Mbps (an MQTT-Broker)<br \/>\n1 Micro-USB-Stromversorgungsbuchse<br \/>\nAbmessungen 58 x 58 x 25 mm \/ 40 gr<br \/>\nBetriebstemperaturbereich: -10\u2103 +55\u2103<br \/>\nCE<\/p>\n","protected":false},"excerpt":{"rendered":"<p>Steuern Sie Ihre unglaubliche ACE PLC von \u00fcberall aus.<br \/>\nErm\u00f6glicht einfache Fernanzeige, Benachrichtigungen, Alarme,&#8230;<br \/>\nF\u00fcgt IIoT-F\u00e4higkeiten \u00fcber MQTT und seine Publish-Subscribe-Funktionen hinzu.<br \/>\nEinfache Konfigurationen \u00fcber eingebettete Webseiten.<br \/>\nWird mitgeliefert:<br \/>\n&#8211; 30 cm Modbus-USB-Kabel zu Ihrem ACE PLC.<br \/>\n&#8211; 8-35 VDC auf Mikro-USB-Modul (5 VDC)<br \/>\n&#8211; doppelseitiger 3M-Klebstoff<br \/>\n&#8211; Montage auf DIN-Schiene.<\/p>\n","protected":false},"featured_media":22907,"template":"","meta":{"_seopress_robots_primary_cat":"","_seopress_titles_title":"","_seopress_titles_desc":"","_seopress_robots_index":"","_et_pb_use_builder":"","_et_pb_old_content":"","_et_gb_content_width":""},"product_brand":[],"product_cat":[133],"product_tag":[],"class_list":{"0":"post-22896","1":"product","2":"type-product","3":"status-publish","4":"has-post-thumbnail","6":"product_cat-4g-gateway-de","8":"first","9":"instock","10":"taxable","11":"shipping-taxable","12":"purchasable","13":"product-type-simple"},"_links":{"self":[{"href":"https:\/\/aceautomation.eu\/de\/wp-json\/wp\/v2\/product\/22896","targetHints":{"allow":["GET"]}}],"collection":[{"href":"https:\/\/aceautomation.eu\/de\/wp-json\/wp\/v2\/product"}],"about":[{"href":"https:\/\/aceautomation.eu\/de\/wp-json\/wp\/v2\/types\/product"}],"wp:featuredmedia":[{"embeddable":true,"href":"https:\/\/aceautomation.eu\/de\/wp-json\/wp\/v2\/media\/22907"}],"wp:attachment":[{"href":"https:\/\/aceautomation.eu\/de\/wp-json\/wp\/v2\/media?parent=22896"}],"wp:term":[{"taxonomy":"product_brand","embeddable":true,"href":"https:\/\/aceautomation.eu\/de\/wp-json\/wp\/v2\/product_brand?post=22896"},{"taxonomy":"product_cat","embeddable":true,"href":"https:\/\/aceautomation.eu\/de\/wp-json\/wp\/v2\/product_cat?post=22896"},{"taxonomy":"product_tag","embeddable":true,"href":"https:\/\/aceautomation.eu\/de\/wp-json\/wp\/v2\/product_tag?post=22896"}],"curies":[{"name":"wp","href":"https:\/\/api.w.org\/{rel}","templated":true}]}}