{"id":26655,"date":"2022-06-01T15:45:51","date_gmt":"2022-06-01T13:45:51","guid":{"rendered":"https:\/\/aceautomation.eu\/?post_type=product&#038;p=26655"},"modified":"2026-05-11T11:25:47","modified_gmt":"2026-05-11T09:25:47","slug":"usbhmiace-usb-verbindungskabel-zwischen-hmi-und-ace-eace-sps","status":"publish","type":"product","link":"https:\/\/aceautomation.eu\/de\/produkt\/usbhmiace-usb-verbindungskabel-zwischen-hmi-und-ace-eace-sps\/","title":{"rendered":"USB-HMI-ACE <br>USB-Verbindungskabel zwischen HMI und ACE\/eACE SPS"},"content":{"rendered":"","protected":false},"excerpt":{"rendered":"<p>Von der Mini-USB-Buchse des SPS ACE\/eACE zur USB-A-Buchse des HMI<br \/>\nL\u00e4nge 1,8 m<br \/>\nErm\u00f6glicht eine zuverl\u00e4ssige Kommunikation \u00fcber USB mit seinem dynamischen Verst\u00e4rker<\/p>\n","protected":false},"featured_media":26660,"template":"","meta":{"_seopress_robots_primary_cat":"","_seopress_titles_title":"","_seopress_titles_desc":"","_seopress_robots_index":"","_et_pb_use_builder":"","_et_pb_old_content":"","_et_gb_content_width":""},"product_brand":[],"product_cat":[86],"product_tag":[],"class_list":{"0":"post-26655","1":"product","2":"type-product","3":"status-publish","4":"has-post-thumbnail","6":"product_cat-accessori","8":"first","9":"instock","10":"taxable","11":"shipping-taxable","12":"purchasable","13":"product-type-simple"},"_links":{"self":[{"href":"https:\/\/aceautomation.eu\/de\/wp-json\/wp\/v2\/product\/26655","targetHints":{"allow":["GET"]}}],"collection":[{"href":"https:\/\/aceautomation.eu\/de\/wp-json\/wp\/v2\/product"}],"about":[{"href":"https:\/\/aceautomation.eu\/de\/wp-json\/wp\/v2\/types\/product"}],"wp:featuredmedia":[{"embeddable":true,"href":"https:\/\/aceautomation.eu\/de\/wp-json\/wp\/v2\/media\/26660"}],"wp:attachment":[{"href":"https:\/\/aceautomation.eu\/de\/wp-json\/wp\/v2\/media?parent=26655"}],"wp:term":[{"taxonomy":"product_brand","embeddable":true,"href":"https:\/\/aceautomation.eu\/de\/wp-json\/wp\/v2\/product_brand?post=26655"},{"taxonomy":"product_cat","embeddable":true,"href":"https:\/\/aceautomation.eu\/de\/wp-json\/wp\/v2\/product_cat?post=26655"},{"taxonomy":"product_tag","embeddable":true,"href":"https:\/\/aceautomation.eu\/de\/wp-json\/wp\/v2\/product_tag?post=26655"}],"curies":[{"name":"wp","href":"https:\/\/api.w.org\/{rel}","templated":true}]}}