{"id":27284,"date":"2022-10-19T20:10:24","date_gmt":"2022-10-19T18:10:24","guid":{"rendered":"https:\/\/aceautomation.eu\/product\/usb-rs485-we-usb-to-rs485-serial-converter-cable-ftdi-chip-1800-mm\/"},"modified":"2026-03-18T11:55:54","modified_gmt":"2026-03-18T10:55:54","slug":"usb-rs485-we-usb-zu-rs485-seriell-konverter-ftdi-chip-kabel-1800-mm","status":"publish","type":"product","link":"https:\/\/aceautomation.eu\/de\/produkt\/usb-rs485-we-usb-zu-rs485-seriell-konverter-ftdi-chip-kabel-1800-mm\/","title":{"rendered":"USB-RS485-WE <br>USB zu RS485 Seriell Konverter <br>FTDI Chip <br>Kabel 1800 mm"},"content":{"rendered":"<p>Das USB-RS485-Konverterkabel bietet eine serielle USB-zu-RS485-Schnittstelle mit 5 blanken Dr\u00e4hten<br \/>\nRoHS-konform<br \/>\nCE\/FCC-zertifiziert<br \/>\nKompatibel mit der USB 2.0-Spezifikation<br \/>\nAlle Windows-, Mac- und Linux-Treiber werden unterst\u00fctzt<br \/>\nBetriebstemperaturbereich -40 +85 \u00b0C<br \/>\nDie braunen und gr\u00fcnen Stifte des 120-Ohm-Abschlusswiderstands sind nur erforderlich, wenn das USB-RS485-WE-Kabel das erste oder letzte Ger\u00e4t in einem Multidrop-RS485-Netzwerk ist, um die RS485-Abschlussanforderungen zu erf\u00fcllen.<\/p>\n<p><span class=\"HwtZe\" lang=\"de\"><span class=\"jCAhz ChMk0b\"><span class=\"ryNqvb\">\u00a0<\/span><\/span><\/span><\/p>\n","protected":false},"excerpt":{"rendered":"<p>RS485-Unterst\u00fctzung zu ACE-GTW-Gateways hinzuf\u00fcgen.<br \/>\nACE-GTW Gateways werden Master Modbus RTU \u00fcber RS485 (zu Multi-Slaves)<br \/>\nHinweis: ACE-GTW sind standardm\u00e4\u00dfig Modbus RTU \u00fcber USB zum direkten Anschluss an eine beliebige ACE-SPS.<br \/>\nKann auch f\u00fcr Windows, Mac, Linux als USB-zu-RS485-Konverter verwendet werden<br \/>\nDr\u00e4hte: A+, B-, GND, +5V und ein 120-Ohm-Abschlusswiderstand.<br \/>\nA+ und B- LEDs f\u00fcr einfache Diagnose.<br \/>\nQualit\u00e4tskoffer: wasserdicht, geformt, flexibel und unzerbrechlich.<\/p>\n","protected":false},"featured_media":27280,"template":"","meta":{"_seopress_robots_primary_cat":"none","_seopress_titles_title":"","_seopress_titles_desc":"","_seopress_robots_index":"","_et_pb_use_builder":"","_et_pb_old_content":"","_et_gb_content_width":""},"product_brand":[],"product_cat":[86],"product_tag":[],"class_list":{"0":"post-27284","1":"product","2":"type-product","3":"status-publish","4":"has-post-thumbnail","6":"product_cat-accessori","8":"first","9":"instock","10":"taxable","11":"shipping-taxable","12":"purchasable","13":"product-type-simple"},"_links":{"self":[{"href":"https:\/\/aceautomation.eu\/de\/wp-json\/wp\/v2\/product\/27284","targetHints":{"allow":["GET"]}}],"collection":[{"href":"https:\/\/aceautomation.eu\/de\/wp-json\/wp\/v2\/product"}],"about":[{"href":"https:\/\/aceautomation.eu\/de\/wp-json\/wp\/v2\/types\/product"}],"wp:featuredmedia":[{"embeddable":true,"href":"https:\/\/aceautomation.eu\/de\/wp-json\/wp\/v2\/media\/27280"}],"wp:attachment":[{"href":"https:\/\/aceautomation.eu\/de\/wp-json\/wp\/v2\/media?parent=27284"}],"wp:term":[{"taxonomy":"product_brand","embeddable":true,"href":"https:\/\/aceautomation.eu\/de\/wp-json\/wp\/v2\/product_brand?post=27284"},{"taxonomy":"product_cat","embeddable":true,"href":"https:\/\/aceautomation.eu\/de\/wp-json\/wp\/v2\/product_cat?post=27284"},{"taxonomy":"product_tag","embeddable":true,"href":"https:\/\/aceautomation.eu\/de\/wp-json\/wp\/v2\/product_tag?post=27284"}],"curies":[{"name":"wp","href":"https:\/\/api.w.org\/{rel}","templated":true}]}}