{"id":29204,"date":"2024-01-11T17:13:32","date_gmt":"2024-01-11T16:13:32","guid":{"rendered":"https:\/\/aceautomation.eu\/?post_type=product&#038;p=29204"},"modified":"2025-10-31T12:51:13","modified_gmt":"2025-10-31T11:51:13","slug":"tb03pt100-35-40200-pt100-zu-0-10v-messumformer-wandler-klemmenbrett-3-eingaenge-3-ausgaenge","status":"publish","type":"product","link":"https:\/\/aceautomation.eu\/de\/produkt\/tb03pt100-35-40200-pt100-zu-0-10v-messumformer-wandler-klemmenbrett-3-eingaenge-3-ausgaenge\/","title":{"rendered":"TB03PT100-35-40+200 <br>PT100 zu 0-10V Messumformer \/ Wandler <br>Klemmenbrett <br>3 Eing\u00e4nge \/ 3 Ausg\u00e4nge"},"content":{"rendered":"<p>Klemmen: Drahtgr\u00f6\u00dfe: 0,13 bis 1,5 mm2<br \/>\nMontage: 35-mm-DIN-Schiene oder 4-mm-Bolzen\/Schrauben im Abstand von 2,5 cm.<\/p>\n","protected":false},"excerpt":{"rendered":"<p><span style=\"color: #0f55a5;\"><strong>Bietet 3 * 0-10V Analogausg\u00e4nge von 3 * PT100 Analogeing\u00e4ngen<\/strong><\/span><br \/>\nPT100-Eing\u00e4nge: -40 bis +200 \u00b0C<br \/>\nAnaloge Ausg\u00e4nge: 0-10 V<br \/>\nSpannungsversorgung: 14-28 VDC<br \/>\nEntworfen und gebaut in Frankreich<\/p>\n","protected":false},"featured_media":29208,"template":"","meta":{"_seopress_robots_primary_cat":"none","_seopress_titles_title":"","_seopress_titles_desc":"","_seopress_robots_index":"","_et_pb_use_builder":"off","_et_pb_old_content":"","_et_gb_content_width":""},"product_brand":[],"product_cat":[86],"product_tag":[],"class_list":{"0":"post-29204","1":"product","2":"type-product","3":"status-publish","4":"has-post-thumbnail","6":"product_cat-accessori","8":"first","9":"instock","10":"taxable","11":"shipping-taxable","12":"purchasable","13":"product-type-simple"},"_links":{"self":[{"href":"https:\/\/aceautomation.eu\/de\/wp-json\/wp\/v2\/product\/29204","targetHints":{"allow":["GET"]}}],"collection":[{"href":"https:\/\/aceautomation.eu\/de\/wp-json\/wp\/v2\/product"}],"about":[{"href":"https:\/\/aceautomation.eu\/de\/wp-json\/wp\/v2\/types\/product"}],"wp:featuredmedia":[{"embeddable":true,"href":"https:\/\/aceautomation.eu\/de\/wp-json\/wp\/v2\/media\/29208"}],"wp:attachment":[{"href":"https:\/\/aceautomation.eu\/de\/wp-json\/wp\/v2\/media?parent=29204"}],"wp:term":[{"taxonomy":"product_brand","embeddable":true,"href":"https:\/\/aceautomation.eu\/de\/wp-json\/wp\/v2\/product_brand?post=29204"},{"taxonomy":"product_cat","embeddable":true,"href":"https:\/\/aceautomation.eu\/de\/wp-json\/wp\/v2\/product_cat?post=29204"},{"taxonomy":"product_tag","embeddable":true,"href":"https:\/\/aceautomation.eu\/de\/wp-json\/wp\/v2\/product_tag?post=29204"}],"curies":[{"name":"wp","href":"https:\/\/api.w.org\/{rel}","templated":true}]}}