{"id":18059,"date":"2018-09-05T17:25:47","date_gmt":"2018-09-05T15:25:47","guid":{"rendered":"https:\/\/aceautomation.eu\/?post_type=product&#038;p=18059"},"modified":"2025-10-31T12:50:03","modified_gmt":"2025-10-31T11:50:03","slug":"ct025v10-transductor-de-corriente-entrada-0-25-ac-salida-0-10-vdc","status":"publish","type":"product","link":"https:\/\/aceautomation.eu\/es\/producto\/ct025v10-transductor-de-corriente-entrada-0-25-ac-salida-0-10-vdc\/","title":{"rendered":"CT025v10 <br>Transductor de corriente <br> Entrada 0-25 AC<br> Salida 0-10 VDC"},"content":{"rendered":"<p>Aplicaciones:<br \/>\nConsumo de energ\u00eda de una m\u00e1quina<br \/>\nHVAC y Bombas<br \/>\nRefrigeraci\u00f3n<br \/>\nPeque\u00f1os motores industriales<br \/>\nVentiladores<br \/>\nIluminaci\u00f3n<br \/>\nSolar<\/p>\n","protected":false},"excerpt":{"rendered":"<p>Salida VDC proporcional y lineal a la entrada IAC<br \/>\nAutoamplificado!<br \/>\nPrecisi\u00f3n \u00b12%.<br \/>\n2 * Terminales de tornillo M3<br \/>\nDi\u00e1metro m\u00e1ximo de la secci\u00f3n transversal del cable 10 mm<br \/>\nTemperatura de funcionamiento -20\u02daC +50\u02daC<br \/>\nConformidad con CE y RoHS<\/p>\n","protected":false},"featured_media":18222,"template":"","meta":{"_seopress_robots_primary_cat":"","_seopress_titles_title":"","_seopress_titles_desc":"","_seopress_robots_index":"","_et_pb_use_builder":"","_et_pb_old_content":"","_et_gb_content_width":""},"product_brand":[],"product_cat":[84],"product_tag":[],"class_list":{"0":"post-18059","1":"product","2":"type-product","3":"status-publish","4":"has-post-thumbnail","6":"product_cat-accessoires","8":"first","9":"instock","10":"taxable","11":"shipping-taxable","12":"purchasable","13":"product-type-simple"},"_links":{"self":[{"href":"https:\/\/aceautomation.eu\/es\/wp-json\/wp\/v2\/product\/18059","targetHints":{"allow":["GET"]}}],"collection":[{"href":"https:\/\/aceautomation.eu\/es\/wp-json\/wp\/v2\/product"}],"about":[{"href":"https:\/\/aceautomation.eu\/es\/wp-json\/wp\/v2\/types\/product"}],"wp:featuredmedia":[{"embeddable":true,"href":"https:\/\/aceautomation.eu\/es\/wp-json\/wp\/v2\/media\/18222"}],"wp:attachment":[{"href":"https:\/\/aceautomation.eu\/es\/wp-json\/wp\/v2\/media?parent=18059"}],"wp:term":[{"taxonomy":"product_brand","embeddable":true,"href":"https:\/\/aceautomation.eu\/es\/wp-json\/wp\/v2\/product_brand?post=18059"},{"taxonomy":"product_cat","embeddable":true,"href":"https:\/\/aceautomation.eu\/es\/wp-json\/wp\/v2\/product_cat?post=18059"},{"taxonomy":"product_tag","embeddable":true,"href":"https:\/\/aceautomation.eu\/es\/wp-json\/wp\/v2\/product_tag?post=18059"}],"curies":[{"name":"wp","href":"https:\/\/api.w.org\/{rel}","templated":true}]}}