{"id":19803,"date":"2019-05-14T15:13:00","date_gmt":"2019-05-14T13:13:00","guid":{"rendered":"https:\/\/aceautomation.eu\/?post_type=product&#038;p=19803"},"modified":"2026-04-22T09:30:10","modified_gmt":"2026-04-22T07:30:10","slug":"ace-gtw-mb-mini-wifi-gatewayethernet-modbus-tcp-server-usb-modbus-rtu-master-gateway","status":"publish","type":"product","link":"https:\/\/aceautomation.eu\/es\/producto\/ace-gtw-mb-mini-wifi-gatewayethernet-modbus-tcp-server-usb-modbus-rtu-master-gateway\/","title":{"rendered":"ACE-GTW-MB <br>Mini WIFI Gateway<br>Ethernet Modbus TCP Server <> USB Modbus RTU Master Gateway"},"content":{"rendered":"<p>1 puerto USB 2.0 Modbus (conectado al puerto USB ACE)<br \/>\nWIFI 2.4 GHz 802.11n MiMo (Modbus-TCP)<br \/>\n1 LAN + 1 WAN RJ45 Ethernet 100 Mbps (Modbus-TCP)<br \/>\n1 Toma de alimentaci\u00f3n Micro-USB<br \/>\nDimensiones 58 x 58 x 25 mm \/ 40 gr<br \/>\nRango de temperatura de funcionamiento: -10\u2103 +55\u2103<br \/>\nCE<\/p>\n","protected":false},"excerpt":{"rendered":"<p>A\u00f1ade acceso Modbus-TCP WIFI\/LAN a su PLC ACE.<br \/>\nSu registro ACE PLC Modbus ser\u00e1 accesible desde Modbus TCP, sin necesidad de ninguna configuraci\u00f3n.<br \/>\nConfiguraci\u00f3n de la red a trav\u00e9s de p\u00e1ginas web integradas.<br \/>\nMontaje en carril DIN opcional<br \/>\n<strong>Se suministra con:<\/strong><br \/>\n<strong>&#8211; Cable Modbus USB de 30 cm a su PLC ACE.<\/strong><br \/>\n<strong>&#8211; M\u00f3dulo 8-35 VDC a Micro-USB (5 VDC)<br \/>\n&#8211; Montaje en carril DIN<\/strong><\/p>\n<p><strong>Ver &#8220;<a href=\"https:\/\/www.support.aceautomation.eu\/es\/knowledge-base\/como-conectar-el-ace-gtw-mb-en-la-red\/\" target=\"_blank\" rel=\"noopener\">C\u00f3mo usar ACE-GTW-MB<\/a>&#8220;<\/strong><\/p>\n","protected":false},"featured_media":19963,"template":"","meta":{"_seopress_robots_primary_cat":"none","_seopress_titles_title":"","_seopress_titles_desc":"","_seopress_robots_index":"","_et_pb_use_builder":"","_et_pb_old_content":"","_et_gb_content_width":""},"product_brand":[],"product_cat":[135],"product_tag":[],"class_list":{"0":"post-19803","1":"product","2":"type-product","3":"status-publish","4":"has-post-thumbnail","6":"product_cat-4g-gateway-es","8":"first","9":"instock","10":"taxable","11":"shipping-taxable","12":"purchasable","13":"product-type-simple"},"_links":{"self":[{"href":"https:\/\/aceautomation.eu\/es\/wp-json\/wp\/v2\/product\/19803","targetHints":{"allow":["GET"]}}],"collection":[{"href":"https:\/\/aceautomation.eu\/es\/wp-json\/wp\/v2\/product"}],"about":[{"href":"https:\/\/aceautomation.eu\/es\/wp-json\/wp\/v2\/types\/product"}],"wp:featuredmedia":[{"embeddable":true,"href":"https:\/\/aceautomation.eu\/es\/wp-json\/wp\/v2\/media\/19963"}],"wp:attachment":[{"href":"https:\/\/aceautomation.eu\/es\/wp-json\/wp\/v2\/media?parent=19803"}],"wp:term":[{"taxonomy":"product_brand","embeddable":true,"href":"https:\/\/aceautomation.eu\/es\/wp-json\/wp\/v2\/product_brand?post=19803"},{"taxonomy":"product_cat","embeddable":true,"href":"https:\/\/aceautomation.eu\/es\/wp-json\/wp\/v2\/product_cat?post=19803"},{"taxonomy":"product_tag","embeddable":true,"href":"https:\/\/aceautomation.eu\/es\/wp-json\/wp\/v2\/product_tag?post=19803"}],"curies":[{"name":"wp","href":"https:\/\/api.w.org\/{rel}","templated":true}]}}