{"id":22897,"date":"2020-05-07T16:09:00","date_gmt":"2020-05-07T14:09:00","guid":{"rendered":"https:\/\/aceautomation.eu\/?post_type=product&#038;p=22897"},"modified":"2026-04-22T09:30:11","modified_gmt":"2026-04-22T07:30:11","slug":"ace-gtw-mqtt-mini-modbus-mqtt-gateway-ethernet-wifi-mqtt-cliente-a-usb-modbus-rtu-master-gateway","status":"publish","type":"product","link":"https:\/\/aceautomation.eu\/es\/producto\/ace-gtw-mqtt-mini-modbus-mqtt-gateway-ethernet-wifi-mqtt-cliente-a-usb-modbus-rtu-master-gateway\/","title":{"rendered":"ACE-GTW-MQTT <br>Mini Modbus MQTT Gateway <br>Ethernet\/WiFi MQTT Cliente a USB Modbus RTU Master Gateway"},"content":{"rendered":"<p>1 puerto USB 2.0 Modbus (conectado al puerto USB ACE)<br \/>\nWIFI 2.4 GHz 802.11n MiMo (a MQTT Broker)<br \/>\n1 LAN + 1 WAN RJ45 Ethernet 100 Mbps (a MQTT Broker)<br \/>\n1 enchufe de alimentaci\u00f3n Micro-USB<br \/>\nDimensiones 58 x 58 x 25 mm \/ 40 gr<br \/>\nRango de temperatura de funcionamiento: -10\u2103 +55\u2103<br \/>\nCE<\/p>\n","protected":false},"excerpt":{"rendered":"<p>Desde cualquier lugar, controla tu incre\u00edble ACE PLC.<br \/>\nPermite una f\u00e1cil visualizaci\u00f3n remota, notificaciones, alarmas&#8230;<br \/>\nA\u00f1ade capacidades de IIoT a trav\u00e9s de MQTT y sus funciones de Publicaci\u00f3n-Suscripci\u00f3n.<br \/>\nF\u00e1cil configuraci\u00f3n a trav\u00e9s de p\u00e1ginas web integradas.<br \/>\nSe suministra con:<br \/>\n<strong>&#8211; Cable Modbus USB de 30 cm a su PLC ACE.<\/strong><br \/>\n<strong>&#8211; Adaptador de 8-35 VDC a Micro-USB (5 VDC)<\/strong><br \/>\n<strong>&#8211; Doble cara 3M adhesif<\/strong><br \/>\n<strong>&#8211; Montaje de rieles DIN.<\/strong><\/p>\n","protected":false},"featured_media":22909,"template":"","meta":{"_seopress_robots_primary_cat":"","_seopress_titles_title":"","_seopress_titles_desc":"","_seopress_robots_index":"","_et_pb_use_builder":"","_et_pb_old_content":"","_et_gb_content_width":""},"product_brand":[],"product_cat":[135],"product_tag":[],"class_list":{"0":"post-22897","1":"product","2":"type-product","3":"status-publish","4":"has-post-thumbnail","6":"product_cat-4g-gateway-es","8":"first","9":"instock","10":"taxable","11":"shipping-taxable","12":"purchasable","13":"product-type-simple"},"_links":{"self":[{"href":"https:\/\/aceautomation.eu\/es\/wp-json\/wp\/v2\/product\/22897","targetHints":{"allow":["GET"]}}],"collection":[{"href":"https:\/\/aceautomation.eu\/es\/wp-json\/wp\/v2\/product"}],"about":[{"href":"https:\/\/aceautomation.eu\/es\/wp-json\/wp\/v2\/types\/product"}],"wp:featuredmedia":[{"embeddable":true,"href":"https:\/\/aceautomation.eu\/es\/wp-json\/wp\/v2\/media\/22909"}],"wp:attachment":[{"href":"https:\/\/aceautomation.eu\/es\/wp-json\/wp\/v2\/media?parent=22897"}],"wp:term":[{"taxonomy":"product_brand","embeddable":true,"href":"https:\/\/aceautomation.eu\/es\/wp-json\/wp\/v2\/product_brand?post=22897"},{"taxonomy":"product_cat","embeddable":true,"href":"https:\/\/aceautomation.eu\/es\/wp-json\/wp\/v2\/product_cat?post=22897"},{"taxonomy":"product_tag","embeddable":true,"href":"https:\/\/aceautomation.eu\/es\/wp-json\/wp\/v2\/product_tag?post=22897"}],"curies":[{"name":"wp","href":"https:\/\/api.w.org\/{rel}","templated":true}]}}