{"id":24241,"date":"2020-12-21T10:48:15","date_gmt":"2020-12-21T09:48:15","guid":{"rendered":"https:\/\/aceautomation.eu\/product\/rs232-to-rs485-converter\/"},"modified":"2025-10-31T12:50:40","modified_gmt":"2025-10-31T11:50:40","slug":"rs232rs485-convertidor-de-rs232-a-rs485","status":"publish","type":"product","link":"https:\/\/aceautomation.eu\/es\/producto\/rs232rs485-convertidor-de-rs232-a-rs485\/","title":{"rendered":"RS232RS485 &#8211; Convertidor de RS232 a RS485"},"content":{"rendered":"<p>Compatible con el est\u00e1ndar EIA\/TIA RS232 y RS485<br \/>\nModo de trabajo: As\u00edncrono, semid\u00faplex, transmisi\u00f3n diferencial<br \/>\nVer tambi\u00e9n:<br \/>\n<a href=\"https:\/\/aceautomation.eu\/product\/cbl-conv-rs232-cable-ready-to-be-wired-for-rs485-converter\/\" target=\"_blank\" rel=\"noopener\">RS232 cable ready to be wired for RS485 converter<\/a><br \/>\n<a href=\"https:\/\/www.support.aceautomation.eu\/knowledge-base\/how-to-add-a-rs232-to-rs485-converter-to-a-ace-plc\/\" target=\"_blank\" rel=\"noopener\">How to add a RS232 to RS485 converter to a ACE PLC?<\/a><\/p>\n","protected":false},"excerpt":{"rendered":"<p>Bloque de terminales (RS485) y conector Sub-D9 (RS232)<br \/>\nAutoalimentaci\u00f3n a trav\u00e9s de RS485 (a menos que haya varios dispositivos en RS485)<br \/>\nVelocidad de transmisi\u00f3n 300-115200 bps<br \/>\nDistancia de transmisi\u00f3n: RS485 m\u00e1x. 1200m, lado RS232 m\u00e1x. 5m<br \/>\nDimensiones: 5,5cm x 3,5cm x 1,8cm<\/p>\n<p>&nbsp;<\/p>\n<p>&nbsp;<\/p>\n","protected":false},"featured_media":26762,"template":"","meta":{"_seopress_robots_primary_cat":"none","_seopress_titles_title":"","_seopress_titles_desc":"","_seopress_robots_index":"","_et_pb_use_builder":"","_et_pb_old_content":"","_et_gb_content_width":""},"product_brand":[],"product_cat":[105],"product_tag":[],"class_list":{"0":"post-24241","1":"product","2":"type-product","3":"status-publish","4":"has-post-thumbnail","6":"product_cat-uncategorized-es","8":"first","9":"instock","10":"taxable","11":"shipping-taxable","12":"purchasable","13":"product-type-simple"},"_links":{"self":[{"href":"https:\/\/aceautomation.eu\/es\/wp-json\/wp\/v2\/product\/24241","targetHints":{"allow":["GET"]}}],"collection":[{"href":"https:\/\/aceautomation.eu\/es\/wp-json\/wp\/v2\/product"}],"about":[{"href":"https:\/\/aceautomation.eu\/es\/wp-json\/wp\/v2\/types\/product"}],"wp:featuredmedia":[{"embeddable":true,"href":"https:\/\/aceautomation.eu\/es\/wp-json\/wp\/v2\/media\/26762"}],"wp:attachment":[{"href":"https:\/\/aceautomation.eu\/es\/wp-json\/wp\/v2\/media?parent=24241"}],"wp:term":[{"taxonomy":"product_brand","embeddable":true,"href":"https:\/\/aceautomation.eu\/es\/wp-json\/wp\/v2\/product_brand?post=24241"},{"taxonomy":"product_cat","embeddable":true,"href":"https:\/\/aceautomation.eu\/es\/wp-json\/wp\/v2\/product_cat?post=24241"},{"taxonomy":"product_tag","embeddable":true,"href":"https:\/\/aceautomation.eu\/es\/wp-json\/wp\/v2\/product_tag?post=24241"}],"curies":[{"name":"wp","href":"https:\/\/api.w.org\/{rel}","templated":true}]}}