{"id":24797,"date":"2021-03-11T10:30:25","date_gmt":"2021-03-11T09:30:25","guid":{"rendered":"https:\/\/aceautomation.eu\/product\/5v-24v-pwm-input-to-0-10-v-analog-output-converter-module\/"},"modified":"2026-04-23T12:26:43","modified_gmt":"2026-04-23T10:26:43","slug":"pwm010-modulo-convertidor-de-entrada-pwm-5v-24v-a-salida-analogica-0-5-10-v-soporte-integrado-para-riel-din","status":"publish","type":"product","link":"https:\/\/aceautomation.eu\/es\/producto\/pwm010-modulo-convertidor-de-entrada-pwm-5v-24v-a-salida-analogica-0-5-10-v-soporte-integrado-para-riel-din\/","title":{"rendered":"PWM010 <br>M\u00f3dulo convertidor de entrada PWM 5V\/24V a salida anal\u00f3gica 0-5\/10 V <br>Soporte integrado para riel DIN"},"content":{"rendered":"<p><a href=\"https:\/\/www.support.aceautomation.eu\/knowledge-base\/how-to-add-a-pwm-to-0-10-v-converter-to-a-ace-plc\/\" target=\"_blank\" rel=\"noopener\">How to add a PWM to 0-10 V converter to a ACE PLC ?<\/a><br \/>\nExample to get 6 DI + 5 DO + 1 AO with ACE PLC:<span data-spm-anchor-id=\"a2g0o.detail.1000023.i1.3ccb10b8qGc4yy\"><a href=\"https:\/\/aceautomation.eu\/es\/producto\/ace-11-plc-6-entradas-digitales-6-salidas-digitales-1-puerto-modbus-usb\/\" target=\"_blank\" rel=\"noopener\"> ACE-11<\/a> + this PWM010 = 73 \u20ac<br \/>\n<a href=\"https:\/\/aceautomation.eu\/wp-content\/uploads\/ce-cem-certificat.pdf\" target=\"_blank\" rel=\"noopener\">CE marking<\/a><br \/>\n<\/span><\/p>\n<p>&nbsp;<\/p>\n","protected":false},"excerpt":{"rendered":"<p data-start=\"2029\" data-end=\"2166\">Convierte una se\u00f1al digital PWM 0-100% en se\u00f1al anal\u00f3gica<br data-start=\"2086\" data-end=\"2089\" \/>Conversi\u00f3n lineal, precisi\u00f3n del 1 %, retardo de 200 ms<br data-start=\"2144\" data-end=\"2147\" \/>Salida anal\u00f3gica:<\/p>\n<ul data-start=\"2167\" data-end=\"2526\" data-is-only-node=\"\" data-is-last-node=\"\">\n<li data-start=\"2167\" data-end=\"2210\">Ajustable de 0-5 a 0-10 V (por defecto)<\/li>\n<li data-start=\"2211\" data-end=\"2268\">Salida de corriente m\u00e1x. 15 mA<\/li>\n<\/ul>\n<p>Entrada digital PWM:<\/p>\n<ul data-start=\"2167\" data-end=\"2526\" data-is-only-node=\"\" data-is-last-node=\"\">\n<li data-start=\"2269\" data-end=\"2308\">De 4.5 V a 28 V (requiere &gt; 3.5 mA)<\/li>\n<li data-start=\"2309\" data-end=\"2325\">NPN-OC o PNP<\/li>\n<li data-start=\"2326\" data-end=\"2526\" data-is-last-node=\"\">PWM 50 Hz &#8211; 2 kHz (2 kHz recomendado)<\/li>\n<\/ul>\n<p>Alimentaci\u00f3n de 16 a 30 VDC, 100 mA<br data-start=\"2403\" data-end=\"2406\" \/>con protecci\u00f3n contra inversi\u00f3n de polaridad<br data-start=\"2450\" data-end=\"2453\" \/>Soporte para riel DIN integrado + 3 LEDs<br data-start=\"2493\" data-end=\"2496\" \/>Dimensiones: 55 x 50 x 33 mm<\/p>\n","protected":false},"featured_media":31537,"template":"","meta":{"_seopress_robots_primary_cat":"none","_seopress_titles_title":"","_seopress_titles_desc":"","_seopress_robots_index":"","_et_pb_use_builder":"","_et_pb_old_content":"","_et_gb_content_width":""},"product_brand":[],"product_cat":[84],"product_tag":[],"class_list":{"0":"post-24797","1":"product","2":"type-product","3":"status-publish","4":"has-post-thumbnail","6":"product_cat-accessoires","8":"first","9":"instock","10":"taxable","11":"shipping-taxable","12":"purchasable","13":"product-type-simple"},"_links":{"self":[{"href":"https:\/\/aceautomation.eu\/es\/wp-json\/wp\/v2\/product\/24797","targetHints":{"allow":["GET"]}}],"collection":[{"href":"https:\/\/aceautomation.eu\/es\/wp-json\/wp\/v2\/product"}],"about":[{"href":"https:\/\/aceautomation.eu\/es\/wp-json\/wp\/v2\/types\/product"}],"wp:featuredmedia":[{"embeddable":true,"href":"https:\/\/aceautomation.eu\/es\/wp-json\/wp\/v2\/media\/31537"}],"wp:attachment":[{"href":"https:\/\/aceautomation.eu\/es\/wp-json\/wp\/v2\/media?parent=24797"}],"wp:term":[{"taxonomy":"product_brand","embeddable":true,"href":"https:\/\/aceautomation.eu\/es\/wp-json\/wp\/v2\/product_brand?post=24797"},{"taxonomy":"product_cat","embeddable":true,"href":"https:\/\/aceautomation.eu\/es\/wp-json\/wp\/v2\/product_cat?post=24797"},{"taxonomy":"product_tag","embeddable":true,"href":"https:\/\/aceautomation.eu\/es\/wp-json\/wp\/v2\/product_tag?post=24797"}],"curies":[{"name":"wp","href":"https:\/\/api.w.org\/{rel}","templated":true}]}}