{"id":27286,"date":"2022-10-19T20:10:24","date_gmt":"2022-10-19T18:10:24","guid":{"rendered":"https:\/\/aceautomation.eu\/product\/usb-rs485-we-usb-to-rs485-serial-converter-cable-ftdi-chip-1800-mm\/"},"modified":"2025-12-03T15:42:32","modified_gmt":"2025-12-03T14:42:32","slug":"usb-rs485-we-convertidor-usb-a-rs485-serie-chip-ftdi-cable-1800-mm","status":"publish","type":"product","link":"https:\/\/aceautomation.eu\/es\/producto\/usb-rs485-we-convertidor-usb-a-rs485-serie-chip-ftdi-cable-1800-mm\/","title":{"rendered":"USB-RS485-WE <br>Convertidor USB a RS485 Serie <br>Chip FTDI <br>Cable 1800 mm"},"content":{"rendered":"<p>El cable convertidor USB-RS485 proporciona una interfaz serie USB a RS485 con 5 cables pelados<br \/>\nRoHS<br \/>\nCertificaci\u00f3n CE\/FCC<br \/>\nCumple con la especificaci\u00f3n USB 2.0<br \/>\nCompatible con todos los controladores de Windows, Mac y Linux<br \/>\nRango de temperatura de funcionamiento -40 +85 \u00b0C<br \/>\nLos pines marr\u00f3n y verde de la resistencia de terminaci\u00f3n de 120 ohmios solo se requieren si el cable USB-RS485-WE es el primer o el \u00faltimo dispositivo en una red RS485 multipunto, para cumplir con los requisitos de terminaci\u00f3n RS485.<\/p>\n","protected":false},"excerpt":{"rendered":"<p>Agregue soporte RS485 a las puertas de enlace ACE-GTW.<br \/>\nLas puertas de enlace ACE-GTW se convierten en Master Modbus RTU sobre RS485 (a m\u00faltiples esclavos)<br \/>\nNota: ACE-GTW son por defecto Modbus RTU sobre USB para conectarse directamente a cualquier PLC ACE.<br \/>\nTambi\u00e9n se puede usar para Windows, Mac, Linux como convertidor de USB a RS485<br \/>\nWires: A+, B-, GND, +5V and a 120 ohm terminating resistor pins.<br \/>\nLED A+ y B- para un diagn\u00f3stico sencillo.<br \/>\nEstuche de calidad: impermeable, moldeado, flexible e irrompible.<\/p>\n","protected":false},"featured_media":27282,"template":"","meta":{"_seopress_robots_primary_cat":"none","_seopress_titles_title":"","_seopress_titles_desc":"","_seopress_robots_index":"","_et_pb_use_builder":"","_et_pb_old_content":"","_et_gb_content_width":""},"product_brand":[],"product_cat":[84],"product_tag":[],"class_list":{"0":"post-27286","1":"product","2":"type-product","3":"status-publish","4":"has-post-thumbnail","6":"product_cat-accessoires","8":"first","9":"instock","10":"taxable","11":"shipping-taxable","12":"purchasable","13":"product-type-simple"},"_links":{"self":[{"href":"https:\/\/aceautomation.eu\/es\/wp-json\/wp\/v2\/product\/27286","targetHints":{"allow":["GET"]}}],"collection":[{"href":"https:\/\/aceautomation.eu\/es\/wp-json\/wp\/v2\/product"}],"about":[{"href":"https:\/\/aceautomation.eu\/es\/wp-json\/wp\/v2\/types\/product"}],"wp:featuredmedia":[{"embeddable":true,"href":"https:\/\/aceautomation.eu\/es\/wp-json\/wp\/v2\/media\/27282"}],"wp:attachment":[{"href":"https:\/\/aceautomation.eu\/es\/wp-json\/wp\/v2\/media?parent=27286"}],"wp:term":[{"taxonomy":"product_brand","embeddable":true,"href":"https:\/\/aceautomation.eu\/es\/wp-json\/wp\/v2\/product_brand?post=27286"},{"taxonomy":"product_cat","embeddable":true,"href":"https:\/\/aceautomation.eu\/es\/wp-json\/wp\/v2\/product_cat?post=27286"},{"taxonomy":"product_tag","embeddable":true,"href":"https:\/\/aceautomation.eu\/es\/wp-json\/wp\/v2\/product_tag?post=27286"}],"curies":[{"name":"wp","href":"https:\/\/api.w.org\/{rel}","templated":true}]}}