{"id":32936,"date":"2025-11-18T12:14:22","date_gmt":"2025-11-18T11:14:22","guid":{"rendered":"https:\/\/aceautomation.eu\/?post_type=product&#038;p=32936"},"modified":"2026-03-30T15:35:47","modified_gmt":"2026-03-30T13:35:47","slug":"hmi-wifi-wifi-ieee-802-11b-g-nmodulo-de-extension-de-comunicacion-inalambrica-hmi-m2m-iot","status":"publish","type":"product","link":"https:\/\/aceautomation.eu\/es\/producto\/hmi-wifi-wifi-ieee-802-11b-g-nmodulo-de-extension-de-comunicacion-inalambrica-hmi-m2m-iot\/","title":{"rendered":"HMI-WIFI <br>WiFi IEEE 802.11b\/g\/n<br>M\u00f3dulo de extensi\u00f3n de comunicaci\u00f3n inal\u00e1mbrica HMI M2M\/IoT"},"content":{"rendered":"","protected":false},"excerpt":{"rendered":"<p><strong>WiFi IEEE 802.11b \/ 802.11g \/ 802.11n<br \/>\n<\/strong><strong>Compatible con<\/strong>: HMI-070U3SE, HMI-102U3SE, HM-156QS-G<br \/>\n<strong>Incluye:<\/strong> Antena magn\u00e9tica flexible<\/p>\n","protected":false},"featured_media":32895,"template":"","meta":{"_seopress_robots_primary_cat":"none","_seopress_titles_title":"","_seopress_titles_desc":"","_seopress_robots_index":"","_et_pb_use_builder":"","_et_pb_old_content":"","_et_gb_content_width":""},"product_brand":[],"product_cat":[92],"product_tag":[],"class_list":{"0":"post-32936","1":"product","2":"type-product","3":"status-publish","4":"has-post-thumbnail","6":"product_cat-hmi-touch-panel-es","8":"first","9":"instock","10":"taxable","11":"shipping-taxable","12":"purchasable","13":"product-type-simple"},"_links":{"self":[{"href":"https:\/\/aceautomation.eu\/es\/wp-json\/wp\/v2\/product\/32936","targetHints":{"allow":["GET"]}}],"collection":[{"href":"https:\/\/aceautomation.eu\/es\/wp-json\/wp\/v2\/product"}],"about":[{"href":"https:\/\/aceautomation.eu\/es\/wp-json\/wp\/v2\/types\/product"}],"wp:featuredmedia":[{"embeddable":true,"href":"https:\/\/aceautomation.eu\/es\/wp-json\/wp\/v2\/media\/32895"}],"wp:attachment":[{"href":"https:\/\/aceautomation.eu\/es\/wp-json\/wp\/v2\/media?parent=32936"}],"wp:term":[{"taxonomy":"product_brand","embeddable":true,"href":"https:\/\/aceautomation.eu\/es\/wp-json\/wp\/v2\/product_brand?post=32936"},{"taxonomy":"product_cat","embeddable":true,"href":"https:\/\/aceautomation.eu\/es\/wp-json\/wp\/v2\/product_cat?post=32936"},{"taxonomy":"product_tag","embeddable":true,"href":"https:\/\/aceautomation.eu\/es\/wp-json\/wp\/v2\/product_tag?post=32936"}],"curies":[{"name":"wp","href":"https:\/\/api.w.org\/{rel}","templated":true}]}}