{"id":17466,"date":"2018-07-27T11:04:18","date_gmt":"2018-07-27T09:04:18","guid":{"rendered":"https:\/\/aceautomation.eu\/controle-de-la-longueur-des-pieces-avec-donnees-historiques\/"},"modified":"2018-10-10T13:41:50","modified_gmt":"2018-10-10T11:41:50","slug":"controle-de-la-longueur-des-pieces-avec-donnees-historiques","status":"publish","type":"page","link":"https:\/\/aceautomation.eu\/fr\/controle-de-la-longueur-des-pieces-avec-donnees-historiques\/","title":{"rendered":"Contr\u00f4le de la longueur des pi\u00e8ces avec donn\u00e9es historiques"},"content":{"rendered":"<p>[et_pb_section bb_built=&#8221;1&#8243;][et_pb_row][et_pb_column type=&#8221;4_4&#8243;][et_pb_text _builder_version=&#8221;3.9&#8243;]<\/p>\n<h2>Contr\u00f4le de la longueur des pi\u00e8ces avec donn\u00e9es historiques<\/h2>\n<p>Ici, un exemple de programme automate et de projet IHM pour le contr\u00f4le de longueur de pi\u00e8ce avec une tol\u00e9rance.<\/p>\n<p>[\/et_pb_text][\/et_pb_column][\/et_pb_row][et_pb_row][et_pb_column type=&#8221;1_2&#8243;][et_pb_image _builder_version=&#8221;3.9&#8243; src=&#8221;https:\/\/aceautomation.eu\/wp-content\/uploads\/length_control_hmi_good.png&#8221; align=&#8221;center&#8221; custom_margin=&#8221;|10px||10px&#8221; \/][\/et_pb_column][et_pb_column type=&#8221;1_2&#8243;][et_pb_image _builder_version=&#8221;3.9&#8243; src=&#8221;https:\/\/aceautomation.eu\/wp-content\/uploads\/length_control_hmi_bad.png&#8221; align=&#8221;center&#8221; custom_margin=&#8221;|10px||10px&#8221; \/][\/et_pb_column][\/et_pb_row][et_pb_row][et_pb_column type=&#8221;4_4&#8243;][et_pb_text _builder_version=&#8221;3.9&#8243;]<\/p>\n<p>On utilise un ACE 1430 et un IHM 7&#8243; avec codeur incr\u00e9mental (Inputs C1, C2).<br \/>\nL&#8217;entr\u00e9e de la pi\u00e8ce et son positionnement final est d\u00e9tect\u00e9 par des capteurs (Inputs C3, C4).<br \/>\nUne sortie est utilis\u00e9e en cas de pi\u00e8ces hors tol\u00e9rances.<\/p>\n<p>[\/et_pb_text][\/et_pb_column][\/et_pb_row][et_pb_row][et_pb_column type=&#8221;1_2&#8243;][et_pb_text _builder_version=&#8221;3.9&#8243;]<\/p>\n<p>L&#8217;historique des pi\u00e8ces contr\u00f4l\u00e9es sont m\u00e9moris\u00e9es en page 2 de l&#8217;IHM.<\/p>\n<p>[\/et_pb_text][et_pb_image _builder_version=&#8221;3.9&#8243; src=&#8221;https:\/\/aceautomation.eu\/wp-content\/uploads\/length_control_hmi_historical.png&#8221; \/][\/et_pb_column][et_pb_column type=&#8221;1_2&#8243;][et_pb_button _builder_version=&#8221;3.9&#8243; button_text=&#8221;T\u00e9l\u00e9charger&#8221; button_url=&#8221;https:\/\/aceautomation.eu\/wp-content\/uploads\/LengthControl.zip&#8221; button_alignment=&#8221;center&#8221; \/][\/et_pb_column][\/et_pb_row][\/et_pb_section]<\/p>\n","protected":false},"excerpt":{"rendered":"<p><div class=\"et_pb_row et_pb_row_0 et_pb_row_empty\">\n\t\t\t\t\n\t\t\t\t\n\t\t\t\t\n\t\t\t\t\n\t\t\t\t\n\t\t\t<\/div> Contr\u00f4le de la longueur des pi\u00e8ces avec donn\u00e9es historiques Ici, un exemple de programme automate et de projet IHM pour le contr\u00f4le de longueur de pi\u00e8ce avec une tol\u00e9rance. <div class=\"et_pb_row et_pb_row_1 et_pb_row_empty\">\n\t\t\t\t\n\t\t\t\t\n\t\t\t\t\n\t\t\t\t\n\t\t\t\t\n\t\t\t<\/div><div class=\"et_pb_row et_pb_row_2 et_pb_row_empty\">\n\t\t\t\t\n\t\t\t\t\n\t\t\t\t\n\t\t\t\t\n\t\t\t\t\n\t\t\t<\/div> On utilise un ACE 1430 et un IHM 7&#8243; avec codeur incr\u00e9mental (Inputs C1, C2). L&#8217;entr\u00e9e de la pi\u00e8ce et son positionnement final est [&hellip;]<\/p>\n","protected":false},"author":1,"featured_media":0,"parent":0,"menu_order":0,"comment_status":"closed","ping_status":"closed","template":"","meta":{"_seopress_robots_primary_cat":"","_seopress_titles_title":"","_seopress_titles_desc":"","_seopress_robots_index":"","_et_pb_use_builder":"on","_et_pb_old_content":"","_et_gb_content_width":"","footnotes":""},"class_list":["post-17466","page","type-page","status-publish","hentry"],"_links":{"self":[{"href":"https:\/\/aceautomation.eu\/fr\/wp-json\/wp\/v2\/pages\/17466","targetHints":{"allow":["GET"]}}],"collection":[{"href":"https:\/\/aceautomation.eu\/fr\/wp-json\/wp\/v2\/pages"}],"about":[{"href":"https:\/\/aceautomation.eu\/fr\/wp-json\/wp\/v2\/types\/page"}],"author":[{"embeddable":true,"href":"https:\/\/aceautomation.eu\/fr\/wp-json\/wp\/v2\/users\/1"}],"replies":[{"embeddable":true,"href":"https:\/\/aceautomation.eu\/fr\/wp-json\/wp\/v2\/comments?post=17466"}],"version-history":[{"count":5,"href":"https:\/\/aceautomation.eu\/fr\/wp-json\/wp\/v2\/pages\/17466\/revisions"}],"predecessor-version":[{"id":18361,"href":"https:\/\/aceautomation.eu\/fr\/wp-json\/wp\/v2\/pages\/17466\/revisions\/18361"}],"wp:attachment":[{"href":"https:\/\/aceautomation.eu\/fr\/wp-json\/wp\/v2\/media?parent=17466"}],"curies":[{"name":"wp","href":"https:\/\/api.w.org\/{rel}","templated":true}]}}