{"id":26317,"date":"2022-03-21T10:10:21","date_gmt":"2022-03-21T09:10:21","guid":{"rendered":"https:\/\/aceautomation.eu\/hmi-ihm-definition-facile\/"},"modified":"2022-03-21T10:18:42","modified_gmt":"2022-03-21T09:18:42","slug":"definition-simple-de-lihm-interface-homme-machine","status":"publish","type":"page","link":"https:\/\/aceautomation.eu\/fr\/definition-simple-de-lihm-interface-homme-machine\/","title":{"rendered":"D\u00e9finition simple de l&#8217;IHM (interface homme-machine)"},"content":{"rendered":"<h3><strong>D\u00e9finition simple et g\u00e9n\u00e9rale d&#8217;une IHM<\/strong><\/h3>\n<p>HMI en anglais pour &#8220;human machine interface&#8221;, ou IHM en fran\u00e7ais pour &#8220;Interface homme machine&#8221;.<img decoding=\"async\" class=\"size-full wp-image-24689 alignright\" src=\"https:\/\/aceautomation.eu\/wp-content\/uploads\/hmi-touch-panel.png\" alt=\"\" width=\"300\" height=\"300\" srcset=\"https:\/\/aceautomation.eu\/wp-content\/uploads\/hmi-touch-panel.png 300w, https:\/\/aceautomation.eu\/wp-content\/uploads\/hmi-touch-panel-150x150.png 150w, https:\/\/aceautomation.eu\/wp-content\/uploads\/hmi-touch-panel-100x100.png 100w\" sizes=\"(max-width: 300px) 100vw, 300px\" \/><\/p>\n<p>HMI signifie &#8220;human machine interface&#8221;, ou IHM pour &#8220;Interface homme machine&#8221;.<\/p>\n<p>Une interface homme machine (IHM) est une interface utilisateur qui relie une personne \u00e0 une machine, un syst\u00e8me ou un dispositif. Le terme d\u00e9finit au sens large tout dispositif qui permet \u00e0 un utilisateur d&#8217;interagir avec un appareil dans un environnement industriel.<\/p>\n<p>L&#8217;interfa\u00e7age implique les 3 principales fonctions d&#8217;interaction humaine :<\/p>\n<ul>\n<li>Le toucher (contr\u00f4le par des boutons, \u00e9crans tactiles, claviers, claviers).<\/li>\n<li>Regarder (surveillance et contr\u00f4le \u00e0 l&#8217;\u00e9cran, supervision des colonnes lumineuses)<\/li>\n<li>Ecoute (alarmes sonores, bips)<\/li>\n<\/ul>\n<p>Les IHM en milieu industriel permettent de surveiller et\/ou de contr\u00f4ler les \u00e9quipements auxquels ils sont connect\u00e9s par l&#8217;interm\u00e9diaire d&#8217;un automate (programmable ou non).<br \/>\nLes fonctions sont :<\/p>\n<ul>\n<li>R\u00e9glages<\/li>\n<li>Contr\u00f4le et commande<\/li>\n<li>Suivi et supervision<\/li>\n<li>Stockage de donn\u00e9es historiques<\/li>\n<li>Passerelle intelligente<\/li>\n<\/ul>\n<p>&nbsp;<\/p>\n<p>&nbsp;<\/p>\n<p>&nbsp;<\/p>\n<p>&nbsp;<\/p>\n","protected":false},"excerpt":{"rendered":"<p>D\u00e9finition simple et g\u00e9n\u00e9rale d&#8217;une IHM HMI en anglais pour &#8220;human machine interface&#8221;, ou IHM en fran\u00e7ais pour &#8220;Interface homme machine&#8221;. HMI signifie &#8220;human machine interface&#8221;, ou IHM pour &#8220;Interface homme machine&#8221;. Une interface homme machine (IHM) est une interface utilisateur qui relie une personne \u00e0 une machine, un syst\u00e8me ou un dispositif. Le terme [&hellip;]<\/p>\n","protected":false},"author":1,"featured_media":0,"parent":0,"menu_order":0,"comment_status":"closed","ping_status":"closed","template":"","meta":{"_seopress_robots_primary_cat":"","_seopress_titles_title":"","_seopress_titles_desc":"","_seopress_robots_index":"","_et_pb_use_builder":"","_et_pb_old_content":"","_et_gb_content_width":"","footnotes":""},"class_list":["post-26317","page","type-page","status-publish","hentry"],"_links":{"self":[{"href":"https:\/\/aceautomation.eu\/fr\/wp-json\/wp\/v2\/pages\/26317","targetHints":{"allow":["GET"]}}],"collection":[{"href":"https:\/\/aceautomation.eu\/fr\/wp-json\/wp\/v2\/pages"}],"about":[{"href":"https:\/\/aceautomation.eu\/fr\/wp-json\/wp\/v2\/types\/page"}],"author":[{"embeddable":true,"href":"https:\/\/aceautomation.eu\/fr\/wp-json\/wp\/v2\/users\/1"}],"replies":[{"embeddable":true,"href":"https:\/\/aceautomation.eu\/fr\/wp-json\/wp\/v2\/comments?post=26317"}],"version-history":[{"count":5,"href":"https:\/\/aceautomation.eu\/fr\/wp-json\/wp\/v2\/pages\/26317\/revisions"}],"predecessor-version":[{"id":26338,"href":"https:\/\/aceautomation.eu\/fr\/wp-json\/wp\/v2\/pages\/26317\/revisions\/26338"}],"wp:attachment":[{"href":"https:\/\/aceautomation.eu\/fr\/wp-json\/wp\/v2\/media?parent=26317"}],"curies":[{"name":"wp","href":"https:\/\/api.w.org\/{rel}","templated":true}]}}