{"id":10422,"date":"2018-05-14T11:46:36","date_gmt":"2018-05-14T09:46:36","guid":{"rendered":"https:\/\/aceautomation.eu\/product\/tbtn06-35l-interface-optocoupleurs-npn-logique-negative\/"},"modified":"2025-10-31T12:49:20","modified_gmt":"2025-10-31T11:49:20","slug":"tbtn06-35l-interface-optocoupleurs-npn-logique-negative","status":"publish","type":"product","link":"https:\/\/aceautomation.eu\/fr\/produit\/tbtn06-35l-interface-optocoupleurs-npn-logique-negative\/","title":{"rendered":"TBTN06-35L <\/br>Interface Optocoupleurs NPN Logique N\u00e9gative"},"content":{"rendered":"<p>Borniers :<br \/>\nTaille du fil : 1,5 mm2<\/p>\n<p>Montage :<br \/>\nUtiliser un rail DIN 35 mm ou des boulons\/vis.<\/p>\n<p>Fourni avec un c\u00e2ble pr\u00e9-termin\u00e9 de 45 cm \u00e0 connecter \u00e0 votre automate ACE.<\/p>\n\n","protected":false},"excerpt":{"rendered":"<p><strong><span style=\"color: #0f55a5;\">Fournit des sorties transistor NPN opto-isol\u00e9es pour les sorties num\u00e9riques<\/span><\/strong><br \/>\nTension : 5-28 VDC<br \/>\nCourant : jusqu&#8217;\u00e0 2 A par sortie (NPN)<br \/>\nR\u00e9sistance : 50 \u00e0 80 mOhms<br \/>\nCourant maxi : 10 A par module<br \/>\nIsolement : 3750 V<\/p>\n","protected":false},"featured_media":1188,"template":"","meta":{"_seopress_robots_primary_cat":"","_seopress_titles_title":"","_seopress_titles_desc":"","_seopress_robots_index":"","_et_pb_use_builder":"","_et_pb_old_content":"","_et_gb_content_width":""},"product_brand":[],"product_cat":[156],"product_tag":[],"class_list":{"0":"post-10422","1":"product","2":"type-product","3":"status-publish","4":"has-post-thumbnail","6":"product_cat-boards-fr","8":"first","9":"instock","10":"taxable","11":"shipping-taxable","12":"purchasable","13":"product-type-simple"},"_links":{"self":[{"href":"https:\/\/aceautomation.eu\/fr\/wp-json\/wp\/v2\/product\/10422","targetHints":{"allow":["GET"]}}],"collection":[{"href":"https:\/\/aceautomation.eu\/fr\/wp-json\/wp\/v2\/product"}],"about":[{"href":"https:\/\/aceautomation.eu\/fr\/wp-json\/wp\/v2\/types\/product"}],"wp:featuredmedia":[{"embeddable":true,"href":"https:\/\/aceautomation.eu\/fr\/wp-json\/wp\/v2\/media\/1188"}],"wp:attachment":[{"href":"https:\/\/aceautomation.eu\/fr\/wp-json\/wp\/v2\/media?parent=10422"}],"wp:term":[{"taxonomy":"product_brand","embeddable":true,"href":"https:\/\/aceautomation.eu\/fr\/wp-json\/wp\/v2\/product_brand?post=10422"},{"taxonomy":"product_cat","embeddable":true,"href":"https:\/\/aceautomation.eu\/fr\/wp-json\/wp\/v2\/product_cat?post=10422"},{"taxonomy":"product_tag","embeddable":true,"href":"https:\/\/aceautomation.eu\/fr\/wp-json\/wp\/v2\/product_tag?post=10422"}],"curies":[{"name":"wp","href":"https:\/\/api.w.org\/{rel}","templated":true}]}}