{"id":10425,"date":"2018-05-14T11:46:35","date_gmt":"2018-05-14T09:46:35","guid":{"rendered":"https:\/\/aceautomation.eu\/product\/tb06chv-35-interface-optocoupleurs-110-a-240-vac\/"},"modified":"2026-01-23T08:13:19","modified_gmt":"2026-01-23T07:13:19","slug":"tb06chv-35-interface-optocoupleurs-110-a-240-vac","status":"publish","type":"product","link":"https:\/\/aceautomation.eu\/fr\/produit\/tb06chv-35-interface-optocoupleurs-110-a-240-vac\/","title":{"rendered":"TB06CHV-35 <\/br>Interface Optocoupleurs 110 \u00e0 240 VAC"},"content":{"rendered":"<p>Borniers :<br \/>\nTaille du fil : 1,5 mm2<\/p>\n<p>Montage :<br \/>\nUtiliser un rail DIN 35 mm ou des boulons\/vis.<\/p>\n<p>Fourni avec un c\u00e2ble pr\u00e9-termin\u00e9 de 45 cm \u00e0 connecter \u00e0 votre automate ACE.<\/p>\n\n","protected":false},"excerpt":{"rendered":"<p><span style=\"color: #0f55a5;\"><strong>Fournit des entr\u00e9es d&#8217;isolation optique<\/strong><\/span><br \/>\nEntr\u00e9es tension : 60-300 VAC<br \/>\nR\u00e9sistance : 3.3 Kohm<\/p>\n","protected":false},"featured_media":1203,"template":"","meta":{"_seopress_robots_primary_cat":"","_seopress_titles_title":"","_seopress_titles_desc":"","_seopress_robots_index":"","_et_pb_use_builder":"","_et_pb_old_content":"","_et_gb_content_width":""},"product_brand":[],"product_cat":[156],"product_tag":[],"class_list":{"0":"post-10425","1":"product","2":"type-product","3":"status-publish","4":"has-post-thumbnail","6":"product_cat-boards-fr","8":"first","9":"instock","10":"taxable","11":"shipping-taxable","12":"purchasable","13":"product-type-simple"},"_links":{"self":[{"href":"https:\/\/aceautomation.eu\/fr\/wp-json\/wp\/v2\/product\/10425","targetHints":{"allow":["GET"]}}],"collection":[{"href":"https:\/\/aceautomation.eu\/fr\/wp-json\/wp\/v2\/product"}],"about":[{"href":"https:\/\/aceautomation.eu\/fr\/wp-json\/wp\/v2\/types\/product"}],"wp:featuredmedia":[{"embeddable":true,"href":"https:\/\/aceautomation.eu\/fr\/wp-json\/wp\/v2\/media\/1203"}],"wp:attachment":[{"href":"https:\/\/aceautomation.eu\/fr\/wp-json\/wp\/v2\/media?parent=10425"}],"wp:term":[{"taxonomy":"product_brand","embeddable":true,"href":"https:\/\/aceautomation.eu\/fr\/wp-json\/wp\/v2\/product_brand?post=10425"},{"taxonomy":"product_cat","embeddable":true,"href":"https:\/\/aceautomation.eu\/fr\/wp-json\/wp\/v2\/product_cat?post=10425"},{"taxonomy":"product_tag","embeddable":true,"href":"https:\/\/aceautomation.eu\/fr\/wp-json\/wp\/v2\/product_tag?post=10425"}],"curies":[{"name":"wp","href":"https:\/\/api.w.org\/{rel}","templated":true}]}}