{"id":10817,"date":"2018-05-14T11:46:15","date_gmt":"2018-05-14T09:46:15","guid":{"rendered":"https:\/\/aceautomation.eu\/product\/simstick-simulateur-dentrees-pour-les-entrees-des-automates-ace\/"},"modified":"2025-10-31T12:49:10","modified_gmt":"2025-10-31T11:49:10","slug":"simstick-simulateur-dentrees-pour-les-entrees-des-automates-ace","status":"publish","type":"product","link":"https:\/\/aceautomation.eu\/fr\/produit\/simstick-simulateur-dentrees-pour-les-entrees-des-automates-ace\/","title":{"rendered":"SIMSTICK <br>Simulateur d&#8217;Entr\u00e9es <br>Pour les entr\u00e9es des automates ACE"},"content":{"rendered":"","protected":false},"excerpt":{"rendered":"<p>Se connecte \u00e0 un port avec 6 entr\u00e9es num\u00e9riques<br \/>\nPermet de simuler 6 entr\u00e9es num\u00e9riques<br \/>\nS&#8217;utilise avec n&#8217;importe quel automate ACE ayant 6 entr\u00e9es num\u00e9riques<\/p>\n","protected":false},"featured_media":3221,"template":"","meta":{"_seopress_robots_primary_cat":"none","_seopress_titles_title":"","_seopress_titles_desc":"","_seopress_robots_index":"","_et_pb_use_builder":"","_et_pb_old_content":"","_et_gb_content_width":""},"product_brand":[],"product_cat":[85],"product_tag":[],"class_list":{"0":"post-10817","1":"product","2":"type-product","3":"status-publish","4":"has-post-thumbnail","6":"product_cat-accessoire","8":"first","9":"instock","10":"taxable","11":"shipping-taxable","12":"purchasable","13":"product-type-simple"},"_links":{"self":[{"href":"https:\/\/aceautomation.eu\/fr\/wp-json\/wp\/v2\/product\/10817","targetHints":{"allow":["GET"]}}],"collection":[{"href":"https:\/\/aceautomation.eu\/fr\/wp-json\/wp\/v2\/product"}],"about":[{"href":"https:\/\/aceautomation.eu\/fr\/wp-json\/wp\/v2\/types\/product"}],"wp:featuredmedia":[{"embeddable":true,"href":"https:\/\/aceautomation.eu\/fr\/wp-json\/wp\/v2\/media\/3221"}],"wp:attachment":[{"href":"https:\/\/aceautomation.eu\/fr\/wp-json\/wp\/v2\/media?parent=10817"}],"wp:term":[{"taxonomy":"product_brand","embeddable":true,"href":"https:\/\/aceautomation.eu\/fr\/wp-json\/wp\/v2\/product_brand?post=10817"},{"taxonomy":"product_cat","embeddable":true,"href":"https:\/\/aceautomation.eu\/fr\/wp-json\/wp\/v2\/product_cat?post=10817"},{"taxonomy":"product_tag","embeddable":true,"href":"https:\/\/aceautomation.eu\/fr\/wp-json\/wp\/v2\/product_tag?post=10817"}],"curies":[{"name":"wp","href":"https:\/\/api.w.org\/{rel}","templated":true}]}}