{"id":1168,"date":"2018-05-21T09:18:00","date_gmt":"2018-05-21T07:18:00","guid":{"rendered":"https:\/\/aceautomation.eu\/?post_type=product&#038;p=1168"},"modified":"2025-10-31T12:49:56","modified_gmt":"2025-10-31T11:49:56","slug":"eace-3090v10-automate-embarque-pour-pcb-6-entrees-numeriques-18-sorties-numeriques-3-entrees-analogiques-4-entrees-thermocouple-1-port-serie-rs232-modbus-ascii-1-port-usb-modbus","status":"publish","type":"product","link":"https:\/\/aceautomation.eu\/fr\/produit\/eace-3090v10-automate-embarque-pour-pcb-6-entrees-numeriques-18-sorties-numeriques-3-entrees-analogiques-4-entrees-thermocouple-1-port-serie-rs232-modbus-ascii-1-port-usb-modbus\/","title":{"rendered":"eACE 3090v10 Automate Embarqu\u00e9 pour PCB <br \/>6 Entr\u00e9es Num\u00e9riques <br \/>18 Sorties Num\u00e9riques <br \/>3 Entr\u00e9es Analogiques <br \/>4 Entr\u00e9es Thermocouple <br \/>1 Port S\u00e9rie RS232 Modbus\/ASCII <br \/>1 Port USB Modbus"},"content":{"rendered":"<p><strong>CPU :<\/strong><br \/>\nHorloge en temps r\u00e9el.<br \/>\nProcessus d\u2019un cycle de balayage de 110 microsecondes.<br \/>\nNombre maximum de blocs d\u2019instruction : 4000<br \/>\nMaximum de sous-routines : 68<br \/>\nMaximum de noms de balises : 950<\/p>\n<p><strong>IMP\u00c9DANCES ENTR\u00c9ES\/SORTIES :<br \/>\n<\/strong>Entr\u00e9es num\u00e9riques : 10 KOhms<br \/>\nEntr\u00e9es analogiques 0-20 mA : 100 Ohms<br \/>\nEntr\u00e9es analogiques 0-10V : 1 MOhm<br \/>\nEntr\u00e9es analogiques 0-5V : 499 KOhms<\/p>\n<p><strong>M\u00e9canique :<\/strong><br \/>\nLarge plage de temp\u00e9rature de fonctionnement -40 +85 \u00b0C.<br \/>\nHumidit\u00e9 : 0 \u00e0 95% sans condensation.<br \/>\nL\u00e9ger : Moins de 35 gr !<br \/>\nTr\u00e8s petite taille : 63,5 x 63,5 x 12,7 mm<br \/>\nConsommation \u00e0 partir de 0,18 W !<br \/>\nDes leds lumineuses pour chaque entr\u00e9e et sortie.<br \/>\nDirective sur la compatibilit\u00e9 \u00e9lectromagn\u00e9tique 2004\/108\/CE 2014\/30\/UE \u2013 CE<\/p>\n<p><strong>Inclus\/Options :<br \/>\n<\/strong>Connecteurs femelles pour C.I. fournis.<\/p>\n\n","protected":false},"excerpt":{"rendered":"<p>&nbsp;<\/p>\n<p><span style=\"color: #0f55a5;\"><strong>Entr\u00e9es num\u00e9riques<\/strong><\/span> :<br \/>\n3-30 VDC. Entr\u00e9es num\u00e9riques prot\u00e9g\u00e9es.<br \/>\nJusqu'\u00e0 3 compteurs d'impulsions ou codeur en quadrature. 250 KHz.<br \/>\nAnti-rebounds s\u00e9lectionnable par programme : 0 \u00e0 255 millisecondes.<\/p>\n\n<p><span style=\"color: #0f55a5;\"><strong>Sorties num\u00e9riques<\/strong><\/span> :<br \/>\n3-30 VDC. 0,3 A. Transistor NPN.<br \/>\nJusqu'\u00e0 3 moteurs pas \u00e0 pas \u00e0 250 KHz.<br \/>\nPWM avec une r\u00e9solution de 1 microseconde sur toutes les sorties.<\/p>\n\n<p><span style=\"color: #0f55a5;\"><strong>Entr\u00e9es analogiques :<\/strong><\/span><br \/>\n12 bits \/ 4096 p<br \/>\nSuffixe <code>c<\/code> \u2192 0\u201320 mA<br \/>\nSuffixe <code>v5<\/code> \u2192 0\u20135 V<br \/>\nSuffixe <code>v10<\/code> \u2192 0\u201310 V<\/p>\n\n<p><span style=\"color: #0f55a5;\"><strong>Entr\u00e9es Thermocouple et Diff\u00e9rentielles :<br \/>\n<\/strong><\/span>16 bits \/ 65536 p.<br \/>\nJ, K, T, N<br \/>\n+\/- 0,256 V, +\/- 0,512 V, +\/- 1,024 V, +\/- 2,048 V<\/p>\n\n<p><span style=\"color: #0f55a5;\"><strong>Communication<\/strong><\/span> :<br \/>\nRS232. Modbus RTU esclave ou ASCII.<br \/>\nPort de programmation Micro USB. Esclave Modbus RTU.<\/p>\n\n","protected":false},"featured_media":20548,"template":"","meta":{"_seopress_robots_primary_cat":"","_seopress_titles_title":"","_seopress_titles_desc":"","_seopress_robots_index":"","_et_pb_use_builder":"","_et_pb_old_content":"","_et_gb_content_width":""},"product_brand":[],"product_cat":[79],"product_tag":[],"class_list":{"0":"post-1168","1":"product","2":"type-product","3":"status-publish","4":"has-post-thumbnail","6":"product_cat-automates-eace","8":"first","9":"instock","10":"taxable","11":"shipping-taxable","12":"purchasable","13":"product-type-simple"},"_links":{"self":[{"href":"https:\/\/aceautomation.eu\/fr\/wp-json\/wp\/v2\/product\/1168","targetHints":{"allow":["GET"]}}],"collection":[{"href":"https:\/\/aceautomation.eu\/fr\/wp-json\/wp\/v2\/product"}],"about":[{"href":"https:\/\/aceautomation.eu\/fr\/wp-json\/wp\/v2\/types\/product"}],"wp:featuredmedia":[{"embeddable":true,"href":"https:\/\/aceautomation.eu\/fr\/wp-json\/wp\/v2\/media\/20548"}],"wp:attachment":[{"href":"https:\/\/aceautomation.eu\/fr\/wp-json\/wp\/v2\/media?parent=1168"}],"wp:term":[{"taxonomy":"product_brand","embeddable":true,"href":"https:\/\/aceautomation.eu\/fr\/wp-json\/wp\/v2\/product_brand?post=1168"},{"taxonomy":"product_cat","embeddable":true,"href":"https:\/\/aceautomation.eu\/fr\/wp-json\/wp\/v2\/product_cat?post=1168"},{"taxonomy":"product_tag","embeddable":true,"href":"https:\/\/aceautomation.eu\/fr\/wp-json\/wp\/v2\/product_tag?post=1168"}],"curies":[{"name":"wp","href":"https:\/\/api.w.org\/{rel}","templated":true}]}}