{"id":18065,"date":"2018-09-05T20:53:14","date_gmt":"2018-09-05T18:53:14","guid":{"rendered":"https:\/\/aceautomation.eu\/?post_type=product&#038;p=18065"},"modified":"2026-04-15T16:13:36","modified_gmt":"2026-04-15T14:13:36","slug":"ct010v10-transmetteur-de-courant-entree-0-10-ac-sortie-0-10-vdc","status":"publish","type":"product","link":"https:\/\/aceautomation.eu\/fr\/produit\/ct010v10-transmetteur-de-courant-entree-0-10-ac-sortie-0-10-vdc\/","title":{"rendered":"CT010v10 <br>Transmetteur de courant <br> Entr\u00e9e 0-10 AC<br> Sortie 0-10 VDC"},"content":{"rendered":"<p>Applications :<br \/>\nConsommation d&#8217;\u00e9nergie d&#8217;une machine<br \/>\nCVC et pompes<br \/>\nR\u00e9frig\u00e9ration<br \/>\nPetits moteurs industriels<br \/>\nVentilateurs<br \/>\n\u00c9clairage<br \/>\nSolaire<\/p>\n","protected":false},"excerpt":{"rendered":"<p>Sortie VDC proportionnelle et lin\u00e9aire \u00e0 l&#8217;entr\u00e9e IAC<br \/>\nAuto-aliment\u00e9 !<br \/>\nPr\u00e9cision \u00b12%.<br \/>\n2 * Bornes \u00e0 vis M3<br \/>\nDiam\u00e8tre maxi de section de c\u00e2ble 10 mm<br \/>\nTemp\u00e9rature de fonctionnement -20\u02daC +50\u02daC<br \/>\nConforme aux normes CE et RoHS<\/p>\n","protected":false},"featured_media":18219,"template":"","meta":{"_seopress_robots_primary_cat":"","_seopress_titles_title":"","_seopress_titles_desc":"","_seopress_robots_index":"","_et_pb_use_builder":"","_et_pb_old_content":"","_et_gb_content_width":""},"product_brand":[],"product_cat":[85],"product_tag":[],"class_list":{"0":"post-18065","1":"product","2":"type-product","3":"status-publish","4":"has-post-thumbnail","6":"product_cat-accessoire","8":"first","9":"instock","10":"taxable","11":"shipping-taxable","12":"purchasable","13":"product-type-simple"},"_links":{"self":[{"href":"https:\/\/aceautomation.eu\/fr\/wp-json\/wp\/v2\/product\/18065","targetHints":{"allow":["GET"]}}],"collection":[{"href":"https:\/\/aceautomation.eu\/fr\/wp-json\/wp\/v2\/product"}],"about":[{"href":"https:\/\/aceautomation.eu\/fr\/wp-json\/wp\/v2\/types\/product"}],"wp:featuredmedia":[{"embeddable":true,"href":"https:\/\/aceautomation.eu\/fr\/wp-json\/wp\/v2\/media\/18219"}],"wp:attachment":[{"href":"https:\/\/aceautomation.eu\/fr\/wp-json\/wp\/v2\/media?parent=18065"}],"wp:term":[{"taxonomy":"product_brand","embeddable":true,"href":"https:\/\/aceautomation.eu\/fr\/wp-json\/wp\/v2\/product_brand?post=18065"},{"taxonomy":"product_cat","embeddable":true,"href":"https:\/\/aceautomation.eu\/fr\/wp-json\/wp\/v2\/product_cat?post=18065"},{"taxonomy":"product_tag","embeddable":true,"href":"https:\/\/aceautomation.eu\/fr\/wp-json\/wp\/v2\/product_tag?post=18065"}],"curies":[{"name":"wp","href":"https:\/\/api.w.org\/{rel}","templated":true}]}}