{"id":19754,"date":"2019-04-29T11:55:37","date_gmt":"2019-04-29T09:55:37","guid":{"rendered":"https:\/\/aceautomation.eu\/?post_type=product&#038;p=19754"},"modified":"2026-02-12T15:34:08","modified_gmt":"2026-02-12T14:34:08","slug":"tbr06_iso-35-interface-6-relais-contacts-isoles","status":"publish","type":"product","link":"https:\/\/aceautomation.eu\/fr\/produit\/tbr06_iso-35-interface-6-relais-contacts-isoles\/","title":{"rendered":"TBR06_ISO-35 <\/br>Interface 6 Relais <\/br>Contacts isol\u00e9s"},"content":{"rendered":"<p>Borniers :<br \/>\nTaille du fil : 1,5 mm2<\/p>\n<p>Montage :<br \/>\nUtiliser un rail DIN 35 mm ou des boulons\/vis.<\/p>\n<p>Fourni avec un c\u00e2ble pr\u00e9-termin\u00e9 de 45 cm \u00e0 connecter \u00e0 votre automate ACE.<\/p>\n\n","protected":false},"excerpt":{"rendered":"<p><span style=\"color: #0f55a5;\"><strong>Contact relais :<\/strong><\/span><br \/>\nAC Volts Maximum : 250 VAC<br \/>\nTension CC maximale : 30 VDC<br \/>\nCourant maxi par relais : 5 A<br \/>\n<strong><span style=\"color: #0f55a5;\">Puissance utilis\u00e9e par le module :<\/span><\/strong><br \/>\nTension : 5-28 VDC<br \/>\nCourant : jusqu&#8217;\u00e0 600 mA<\/p>\n","protected":false},"featured_media":20001,"template":"","meta":{"_seopress_robots_primary_cat":"","_seopress_titles_title":"","_seopress_titles_desc":"","_seopress_robots_index":"","_et_pb_use_builder":"","_et_pb_old_content":"","_et_gb_content_width":""},"product_brand":[],"product_cat":[156],"product_tag":[],"class_list":{"0":"post-19754","1":"product","2":"type-product","3":"status-publish","4":"has-post-thumbnail","6":"product_cat-boards-fr","8":"first","9":"instock","10":"taxable","11":"shipping-taxable","12":"purchasable","13":"product-type-simple"},"_links":{"self":[{"href":"https:\/\/aceautomation.eu\/fr\/wp-json\/wp\/v2\/product\/19754","targetHints":{"allow":["GET"]}}],"collection":[{"href":"https:\/\/aceautomation.eu\/fr\/wp-json\/wp\/v2\/product"}],"about":[{"href":"https:\/\/aceautomation.eu\/fr\/wp-json\/wp\/v2\/types\/product"}],"wp:featuredmedia":[{"embeddable":true,"href":"https:\/\/aceautomation.eu\/fr\/wp-json\/wp\/v2\/media\/20001"}],"wp:attachment":[{"href":"https:\/\/aceautomation.eu\/fr\/wp-json\/wp\/v2\/media?parent=19754"}],"wp:term":[{"taxonomy":"product_brand","embeddable":true,"href":"https:\/\/aceautomation.eu\/fr\/wp-json\/wp\/v2\/product_brand?post=19754"},{"taxonomy":"product_cat","embeddable":true,"href":"https:\/\/aceautomation.eu\/fr\/wp-json\/wp\/v2\/product_cat?post=19754"},{"taxonomy":"product_tag","embeddable":true,"href":"https:\/\/aceautomation.eu\/fr\/wp-json\/wp\/v2\/product_tag?post=19754"}],"curies":[{"name":"wp","href":"https:\/\/api.w.org\/{rel}","templated":true}]}}