{"id":20142,"date":"2019-07-02T15:40:00","date_gmt":"2019-07-02T13:40:00","guid":{"rendered":"https:\/\/aceautomation.eu\/?post_type=product&#038;p=20142"},"modified":"2026-04-28T08:02:34","modified_gmt":"2026-04-28T06:02:34","slug":"automate-ace-1802-18-entrees-numeriques-14-sorties-numeriques-1-port-serie-rs232-modbus-ascii-1-port-usb-modbus","status":"publish","type":"product","link":"https:\/\/aceautomation.eu\/fr\/produit\/automate-ace-1802-18-entrees-numeriques-14-sorties-numeriques-1-port-serie-rs232-modbus-ascii-1-port-usb-modbus\/","title":{"rendered":"Automate ACE 1802 <br>18 Entr\u00e9es Num\u00e9riques <br>14 Sorties Num\u00e9riques <br>1 Port S\u00e9rie RS232 Modbus\/ASCII <br>1 Port USB Modbus"},"content":{"rendered":"<p><strong>CPU :<\/strong><br \/>\nHorloge en temps r\u00e9el.<br \/>\nProcessus d\u2019un cycle de balayage de 110 microsecondes.<br \/>\nNombre maximum de blocs d\u2019instruction : 4000<br \/>\nMaximum de sous-routines : 68<br \/>\nMaximum de noms de balises : 950<\/p>\n<p><strong>IMP\u00c9DANCES ENTR\u00c9ES\/SORTIES :<br \/>\n<\/strong>Entr\u00e9es num\u00e9riques : 10 KOhms<br \/>\nEntr\u00e9es analogiques 0-20 mA : 100 Ohms<br \/>\nEntr\u00e9es analogiques 0-10V : 1 MOhm<br \/>\nEntr\u00e9es analogiques 0-5V : 499 KOhms<\/p>\n<p><strong>M\u00e9canique :<\/strong><br \/>\nLarge plage de temp\u00e9rature de fonctionnement -40 +85 \u00b0C.<br \/>\nHumidit\u00e9 : 0 \u00e0 95% sans condensation.<br \/>\nL\u00e9ger : Moins de 35 gr !<br \/>\nTr\u00e8s petite taille : 63,5 x 63,5 x 12,7 mm<br \/>\nConsommation \u00e0 partir de 0,18 W !<br \/>\nDes leds lumineuses pour chaque entr\u00e9e et sortie.<br \/>\nDirective sur la compatibilit\u00e9 \u00e9lectromagn\u00e9tique 2004\/108\/CE 2014\/30\/UE \u2013 CE<\/p>\n<p><strong>Inclus\/Options :<\/strong><br \/>\nConnecteurs d\u00e9brochables fournis.<br \/>\nAdh\u00e9sif double face carr\u00e9 3M fourni.<br \/>\nInterfaces optionnelles: Relais, entr\u00e9es haute tension, sorties optocoupl\u00e9es,\u2026<br \/>\nMontage sur rail DIN en option<\/p>\n\n","protected":false},"excerpt":{"rendered":"<p><span style=\"color: #0f55a5;\"><strong>Entr\u00e9es num\u00e9riques<\/strong><\/span> :<br \/>\n3-30 VDC. Entr\u00e9es num\u00e9riques prot\u00e9g\u00e9es.<br \/>\nJusqu'\u00e0 3 compteurs d'impulsions ou codeur en quadrature. 250 KHz.<br \/>\nAnti-rebounds s\u00e9lectionnable par programme : 0 \u00e0 255 millisecondes.<\/p>\n\n<p><span style=\"color: #0f55a5;\"><strong>Sorties num\u00e9riques<\/strong><\/span> :<br \/>\n3-30 VDC. 0,3 A. Transistor NPN.<br \/>\nJusqu'\u00e0 3 moteurs pas \u00e0 pas \u00e0 250 KHz.<br \/>\nPWM avec une r\u00e9solution de 1 microseconde sur toutes les sorties.<\/p>\n\n<p><span style=\"color: #0f55a5;\"><strong>Communication<\/strong><\/span> :<br \/>\nRS232. Modbus RTU esclave ou ASCII.<br \/>\nPort de programmation Micro USB. Esclave Modbus RTU.<\/p>\n\n","protected":false},"featured_media":20149,"template":"","meta":{"_seopress_robots_primary_cat":"","_seopress_titles_title":"","_seopress_titles_desc":"","_seopress_robots_index":"","_et_pb_use_builder":"","_et_pb_old_content":"","_et_gb_content_width":""},"product_brand":[],"product_cat":[67],"product_tag":[],"class_list":{"0":"post-20142","1":"product","2":"type-product","3":"status-publish","4":"has-post-thumbnail","6":"product_cat-automates-ace","8":"first","9":"instock","10":"taxable","11":"shipping-taxable","12":"purchasable","13":"product-type-simple"},"_links":{"self":[{"href":"https:\/\/aceautomation.eu\/fr\/wp-json\/wp\/v2\/product\/20142","targetHints":{"allow":["GET"]}}],"collection":[{"href":"https:\/\/aceautomation.eu\/fr\/wp-json\/wp\/v2\/product"}],"about":[{"href":"https:\/\/aceautomation.eu\/fr\/wp-json\/wp\/v2\/types\/product"}],"wp:featuredmedia":[{"embeddable":true,"href":"https:\/\/aceautomation.eu\/fr\/wp-json\/wp\/v2\/media\/20149"}],"wp:attachment":[{"href":"https:\/\/aceautomation.eu\/fr\/wp-json\/wp\/v2\/media?parent=20142"}],"wp:term":[{"taxonomy":"product_brand","embeddable":true,"href":"https:\/\/aceautomation.eu\/fr\/wp-json\/wp\/v2\/product_brand?post=20142"},{"taxonomy":"product_cat","embeddable":true,"href":"https:\/\/aceautomation.eu\/fr\/wp-json\/wp\/v2\/product_cat?post=20142"},{"taxonomy":"product_tag","embeddable":true,"href":"https:\/\/aceautomation.eu\/fr\/wp-json\/wp\/v2\/product_tag?post=20142"}],"curies":[{"name":"wp","href":"https:\/\/api.w.org\/{rel}","templated":true}]}}