{"id":20732,"date":"2019-11-12T11:25:00","date_gmt":"2019-11-12T10:25:00","guid":{"rendered":"https:\/\/aceautomation.eu\/?post_type=product&#038;p=20732"},"modified":"2026-03-30T15:35:43","modified_gmt":"2026-03-30T13:35:43","slug":"hm-070mw-ecran-tactile-ihm-7-0-262144-couleurs-affichage-tft-800480-port-ethernet-wifi-vnc-2-ports-serie-2-ports-usb","status":"publish","type":"product","link":"https:\/\/aceautomation.eu\/fr\/produit\/hm-070mw-ecran-tactile-ihm-7-0-262144-couleurs-affichage-tft-800480-port-ethernet-wifi-vnc-2-ports-serie-2-ports-usb\/","title":{"rendered":"HM-070MW <br>Ecran Tactile IHM 7.0&#8243; <br>262144 Couleurs <br>Affichage TFT 800*480 <br>Port Ethernet <br>+ WIFI + VNC <br>2 Ports S\u00e9rie <br> 2 Ports USB"},"content":{"rendered":"","protected":false},"excerpt":{"rendered":"<p>Ecran 7.0&#8243; TFT (16:9W)<br \/>\nR\u00e9solution 800*480<br \/>\nCouleur 262144<br \/>\nEcran tactile r\u00e9sistif de haute pr\u00e9cision<br \/>\nLED r\u00e9tro-\u00e9clair\u00e9e<br \/>\nLuminosit\u00e9 450 cd\/m2<br \/>\nM\u00e9moire 128M FLASH 64M DDR2 DDR2<br \/>\nProcesseur RISC 32 bits 400MHz RISC<br \/>\nPort USB h\u00f4te<br \/>\nT\u00e9l\u00e9chargement de programme via USB\/Ethernet<br \/>\nPort Ethernet + WIFI + VNC<br \/>\nPort COM RS232\/RS485<br \/>\nAlimentation 12-28 VDC &#8211; 6W<br \/>\nDegr\u00e9 de protection IP65 (face avant)<br \/>\nPoids 0.2 Kg<br \/>\nTemp\u00e9rature de fonctionnement -10 +70\u00b0C<br \/>\nHumidit\u00e9 de fonctionnement 10 &#8211; 90% sans condensation<br \/>\nFCC Classe A<br \/>\nCertification CE EN55022 et EN55024<\/p>\n","protected":false},"featured_media":3424,"template":"","meta":{"_seopress_robots_primary_cat":"","_seopress_titles_title":"","_seopress_titles_desc":"","_seopress_robots_index":"","_et_pb_use_builder":"","_et_pb_old_content":"","_et_gb_content_width":""},"product_brand":[],"product_cat":[89],"product_tag":[],"class_list":{"0":"post-20732","1":"product","2":"type-product","3":"status-publish","4":"has-post-thumbnail","6":"product_cat-ihm-ecran-tactile","8":"first","9":"onbackorder","10":"taxable","11":"shipping-taxable","12":"purchasable","13":"product-type-simple"},"_links":{"self":[{"href":"https:\/\/aceautomation.eu\/fr\/wp-json\/wp\/v2\/product\/20732","targetHints":{"allow":["GET"]}}],"collection":[{"href":"https:\/\/aceautomation.eu\/fr\/wp-json\/wp\/v2\/product"}],"about":[{"href":"https:\/\/aceautomation.eu\/fr\/wp-json\/wp\/v2\/types\/product"}],"wp:featuredmedia":[{"embeddable":true,"href":"https:\/\/aceautomation.eu\/fr\/wp-json\/wp\/v2\/media\/3424"}],"wp:attachment":[{"href":"https:\/\/aceautomation.eu\/fr\/wp-json\/wp\/v2\/media?parent=20732"}],"wp:term":[{"taxonomy":"product_brand","embeddable":true,"href":"https:\/\/aceautomation.eu\/fr\/wp-json\/wp\/v2\/product_brand?post=20732"},{"taxonomy":"product_cat","embeddable":true,"href":"https:\/\/aceautomation.eu\/fr\/wp-json\/wp\/v2\/product_cat?post=20732"},{"taxonomy":"product_tag","embeddable":true,"href":"https:\/\/aceautomation.eu\/fr\/wp-json\/wp\/v2\/product_tag?post=20732"}],"curies":[{"name":"wp","href":"https:\/\/api.w.org\/{rel}","templated":true}]}}