{"id":24794,"date":"2021-03-11T10:30:25","date_gmt":"2021-03-11T09:30:25","guid":{"rendered":"https:\/\/aceautomation.eu\/product\/5v-24v-pwm-input-to-0-10-v-analog-output-converter-module\/"},"modified":"2026-05-12T08:35:00","modified_gmt":"2026-05-12T06:35:00","slug":"pwm010-module-convertisseur-pwm-5v-24v-vers-0-5-10-v-support-integre-pour-rail-din","status":"publish","type":"product","link":"https:\/\/aceautomation.eu\/fr\/produit\/pwm010-module-convertisseur-pwm-5v-24v-vers-0-5-10-v-support-integre-pour-rail-din\/","title":{"rendered":"PWM010 <br>Module convertisseur PWM 5V\/24V vers 0-5\/10 V <br>Support int\u00e9gr\u00e9 pour rail DIN"},"content":{"rendered":"<p><a href=\"https:\/\/www.support.aceautomation.eu\/knowledge-base\/how-to-add-a-pwm-to-0-10-v-converter-to-a-ace-plc\/\" target=\"_blank\" rel=\"noopener\">How to add a PWM to 0-10 V converter to a ACE PLC ?<\/a><br \/>\nExample to get 6 DI + 5 DO + 1 AO with ACE PLC:\u00a0<span data-spm-anchor-id=\"a2g0o.detail.1000023.i1.3ccb10b8qGc4yy\"><a href=\"https:\/\/aceautomation.eu\/fr\/produit\/automate-ace-11-6-entrees-numeriques-6-sorties-numeriques-1-port-usb-modbus\/\" target=\"_blank\" rel=\"noopener\">ACE-11<\/a> + this PWM010 = 73 \u20ac<br \/>\n<a href=\"https:\/\/aceautomation.eu\/wp-content\/uploads\/ce-cem-certificat.pdf\" target=\"_blank\" rel=\"noopener\">CE marking<\/a><br \/>\n<\/span><\/p>\n","protected":false},"excerpt":{"rendered":"<p data-start=\"136\" data-end=\"278\">Convertit un signal num\u00e9rique PWM 0-100% en signal analogique<br data-start=\"197\" data-end=\"200\" \/>Conversion lin\u00e9aire, pr\u00e9cision de 1 %, d\u00e9lai de 200 ms<br data-start=\"254\" data-end=\"257\" \/>Sortie analogique :<\/p>\n<ul data-start=\"279\" data-end=\"629\">\n<li data-start=\"279\" data-end=\"320\">R\u00e9glable de 0-5 \u00e0 0-10 V (par d\u00e9faut)<\/li>\n<li data-start=\"321\" data-end=\"378\">Sortie en courant max. 15 mA<\/li>\n<\/ul>\n<p>Entr\u00e9e num\u00e9rique PWM :<\/p>\n<ul data-start=\"279\" data-end=\"629\">\n<li data-start=\"379\" data-end=\"416\">De 4.5 V \u00e0 28 V (besoin &gt; 3.5 mA)<\/li>\n<li data-start=\"417\" data-end=\"434\">NPN-OC ou PNP<\/li>\n<li data-start=\"435\" data-end=\"629\">PWM 50 Hz &#8211; 2 kHz (2 kHz recommand\u00e9)<\/li>\n<\/ul>\n<p>Alimentation de 16 \u00e0 30 VDC, 100 mA<br data-start=\"511\" data-end=\"514\" \/>avec protection contre l&#8217;inversion de polarit\u00e9<br data-start=\"560\" data-end=\"563\" \/>Support DIN-Rail int\u00e9gr\u00e9 + 3 LEDs<br data-start=\"596\" data-end=\"599\" \/>Dimensions : 55 x 50 x 33 mm<\/p>\n","protected":false},"featured_media":31534,"template":"","meta":{"_seopress_robots_primary_cat":"none","_seopress_titles_title":"","_seopress_titles_desc":"","_seopress_robots_index":"","_et_pb_use_builder":"","_et_pb_old_content":"","_et_gb_content_width":""},"product_brand":[],"product_cat":[85],"product_tag":[],"class_list":{"0":"post-24794","1":"product","2":"type-product","3":"status-publish","4":"has-post-thumbnail","6":"product_cat-accessoire","8":"first","9":"instock","10":"taxable","11":"shipping-taxable","12":"purchasable","13":"product-type-simple"},"_links":{"self":[{"href":"https:\/\/aceautomation.eu\/fr\/wp-json\/wp\/v2\/product\/24794","targetHints":{"allow":["GET"]}}],"collection":[{"href":"https:\/\/aceautomation.eu\/fr\/wp-json\/wp\/v2\/product"}],"about":[{"href":"https:\/\/aceautomation.eu\/fr\/wp-json\/wp\/v2\/types\/product"}],"wp:featuredmedia":[{"embeddable":true,"href":"https:\/\/aceautomation.eu\/fr\/wp-json\/wp\/v2\/media\/31534"}],"wp:attachment":[{"href":"https:\/\/aceautomation.eu\/fr\/wp-json\/wp\/v2\/media?parent=24794"}],"wp:term":[{"taxonomy":"product_brand","embeddable":true,"href":"https:\/\/aceautomation.eu\/fr\/wp-json\/wp\/v2\/product_brand?post=24794"},{"taxonomy":"product_cat","embeddable":true,"href":"https:\/\/aceautomation.eu\/fr\/wp-json\/wp\/v2\/product_cat?post=24794"},{"taxonomy":"product_tag","embeddable":true,"href":"https:\/\/aceautomation.eu\/fr\/wp-json\/wp\/v2\/product_tag?post=24794"}],"curies":[{"name":"wp","href":"https:\/\/api.w.org\/{rel}","templated":true}]}}