{"id":25092,"date":"2021-04-28T18:38:29","date_gmt":"2021-04-28T16:38:29","guid":{"rendered":"https:\/\/aceautomation.eu\/product\/usb-to-usb-isolator-for-galvanic-isolation-between-the-ace-plc-and-the-pc\/"},"modified":"2026-01-28T17:36:13","modified_gmt":"2026-01-28T16:36:13","slug":"isolateur-usb-vers-usb-pour-une-isolation-galvanique-entre-lautomate-ace-et-le-pc","status":"publish","type":"product","link":"https:\/\/aceautomation.eu\/fr\/produit\/isolateur-usb-vers-usb-pour-une-isolation-galvanique-entre-lautomate-ace-et-le-pc\/","title":{"rendered":"USBISO <br>Isolateur USB vers USB pour une isolation galvanique entre l&#8217;automate ACE et le PC"},"content":{"rendered":"<p>USB 1.0 \/ 2.0<br \/>\nProtection contre les courts-circuits en amont<br \/>\nPerformance ESD de contact de classe 3A selon ANSI\/ESD STM5.1-2007<br \/>\nImmunit\u00e9 \u00e9lev\u00e9e aux transitoires en mode commun : &gt;25 kV\/\u03bcs<br \/>\nConforme \u00e0 la directive RoHS<br \/>\nReconnaissance UL : 2500 V rms pendant 1 minute selon UL 1577<br \/>\nAvis d&#8217;acceptation des composants CSA #5A<br \/>\nIEC 60950-1 : 600 V rms (de base)<br \/>\nCertificat de conformit\u00e9 VDE<br \/>\nDIN V VDE V 0884-10 (VDE V 0884-10):2006-12<br \/>\nVIORM = 560 V cr\u00eate<\/p>\n","protected":false},"excerpt":{"rendered":"<p>Isolateur USB \u00e0 USB<br \/>\nEntre PC et ACE PLC \/ HMI<br \/>\nProt\u00e9gez votre ACE, HMI et PC dans un environnement industriel difficile.<br \/>\nBas\u00e9 sur l&#8217;ADuM3160 d&#8217;Analog Devices.<br \/>\nLe ACE a une masse flottante sur son port USB. C&#8217;est souvent suffisant car l&#8217;ACE n&#8217;a pas sa propre connexion de masse.<br \/>\nCependant, pour une utilisation dans un environnement industriel, une isolation galvanique est fortement recommand\u00e9e pour \u00e9viter les boucles de masse \u00e0 travers le port USB.<br \/>\n<em>Note : La couleur du bo\u00eetier peut \u00eatre diff\u00e9rente.<\/em><\/p>\n","protected":false},"featured_media":25088,"template":"","meta":{"_seopress_robots_primary_cat":"","_seopress_titles_title":"","_seopress_titles_desc":"","_seopress_robots_index":"","_et_pb_use_builder":"","_et_pb_old_content":"","_et_gb_content_width":""},"product_brand":[],"product_cat":[107],"product_tag":[],"class_list":{"0":"post-25092","1":"product","2":"type-product","3":"status-publish","4":"has-post-thumbnail","6":"product_cat-uncategorized-fr","8":"first","9":"instock","10":"taxable","11":"shipping-taxable","12":"purchasable","13":"product-type-simple"},"_links":{"self":[{"href":"https:\/\/aceautomation.eu\/fr\/wp-json\/wp\/v2\/product\/25092","targetHints":{"allow":["GET"]}}],"collection":[{"href":"https:\/\/aceautomation.eu\/fr\/wp-json\/wp\/v2\/product"}],"about":[{"href":"https:\/\/aceautomation.eu\/fr\/wp-json\/wp\/v2\/types\/product"}],"wp:featuredmedia":[{"embeddable":true,"href":"https:\/\/aceautomation.eu\/fr\/wp-json\/wp\/v2\/media\/25088"}],"wp:attachment":[{"href":"https:\/\/aceautomation.eu\/fr\/wp-json\/wp\/v2\/media?parent=25092"}],"wp:term":[{"taxonomy":"product_brand","embeddable":true,"href":"https:\/\/aceautomation.eu\/fr\/wp-json\/wp\/v2\/product_brand?post=25092"},{"taxonomy":"product_cat","embeddable":true,"href":"https:\/\/aceautomation.eu\/fr\/wp-json\/wp\/v2\/product_cat?post=25092"},{"taxonomy":"product_tag","embeddable":true,"href":"https:\/\/aceautomation.eu\/fr\/wp-json\/wp\/v2\/product_tag?post=25092"}],"curies":[{"name":"wp","href":"https:\/\/api.w.org\/{rel}","templated":true}]}}