{"id":27283,"date":"2022-10-19T20:10:24","date_gmt":"2022-10-19T18:10:24","guid":{"rendered":"https:\/\/aceautomation.eu\/product\/usb-rs485-we-usb-to-rs485-serial-converter-cable-ftdi-chip-1800-mm\/"},"modified":"2026-05-04T14:57:12","modified_gmt":"2026-05-04T12:57:12","slug":"usb-rs485-we-convertisseur-serie-usb-vers-rs485-puce-ftdi-cable-1800-mm","status":"publish","type":"product","link":"https:\/\/aceautomation.eu\/fr\/produit\/usb-rs485-we-convertisseur-serie-usb-vers-rs485-puce-ftdi-cable-1800-mm\/","title":{"rendered":"USB-RS485-WE <br>Convertisseur s\u00e9rie USB vers RS485 <br>Puce FTDI <br>C\u00e2ble 1800 mm"},"content":{"rendered":"<p>Le c\u00e2ble convertisseur USB-RS485 fournit une interface s\u00e9rie USB vers RS485 avec 5 fils nus<br \/>\nConforme RoHs<br \/>\nCertifi\u00e9 CE \/ FCC<br \/>\nConforme \u00e0 la sp\u00e9cification USB 2.0<br \/>\nPrise en charge de tous les pilotes Windows, Mac et Linux<br \/>\nPlage de temp\u00e9rature de fonctionnement -40 +85 \u00b0C<br \/>\nLes broches marron et verte de la r\u00e9sistance de terminaison de 120 ohms ne sont requises que si le c\u00e2ble USB-RS485-WE est le premier ou le dernier appareil d&#8217;un r\u00e9seau RS485 multipoint, pour r\u00e9pondre aux exigences de terminaison RS485.<\/p>\n","protected":false},"excerpt":{"rendered":"<p>Ajoutez la prise en charge RS485 aux passerelles ACE-GTW.<br \/>\nLes passerelles ACE-GTW deviennent Ma\u00eetre Modbus RTU sur RS485 (vers multi-esclaves)<br \/>\nRemarque : ACE-GTW sont par d\u00e9faut Modbus RTU sur USB pour \u00eatre connect\u00e9s directement \u00e0 n&#8217;importe quel automate ACE.<br \/>\nPeut \u00e9galement \u00eatre utilis\u00e9 pour Windows, Mac, Linux comme convertisseur USB vers RS485<br \/>\nFils : A+, B-, GND, +5V et une r\u00e9sistance de terminaison de 120 ohms.<br \/>\nLED A+ et B- pour un diagnostic facile.<br \/>\nBoitier de qualit\u00e9 : \u00e9tanche, moul\u00e9,\u00a0<span class=\"HwtZe\" lang=\"fr\"><span class=\"jCAhz ChMk0b\"><span class=\"ryNqvb\">souple <\/span><\/span><\/span> et incassable.<\/p>\n","protected":false},"featured_media":27279,"template":"","meta":{"_seopress_robots_primary_cat":"none","_seopress_titles_title":"","_seopress_titles_desc":"","_seopress_robots_index":"","_et_pb_use_builder":"","_et_pb_old_content":"","_et_gb_content_width":""},"product_brand":[],"product_cat":[85],"product_tag":[],"class_list":{"0":"post-27283","1":"product","2":"type-product","3":"status-publish","4":"has-post-thumbnail","6":"product_cat-accessoire","8":"first","9":"instock","10":"taxable","11":"shipping-taxable","12":"purchasable","13":"product-type-simple"},"_links":{"self":[{"href":"https:\/\/aceautomation.eu\/fr\/wp-json\/wp\/v2\/product\/27283","targetHints":{"allow":["GET"]}}],"collection":[{"href":"https:\/\/aceautomation.eu\/fr\/wp-json\/wp\/v2\/product"}],"about":[{"href":"https:\/\/aceautomation.eu\/fr\/wp-json\/wp\/v2\/types\/product"}],"wp:featuredmedia":[{"embeddable":true,"href":"https:\/\/aceautomation.eu\/fr\/wp-json\/wp\/v2\/media\/27279"}],"wp:attachment":[{"href":"https:\/\/aceautomation.eu\/fr\/wp-json\/wp\/v2\/media?parent=27283"}],"wp:term":[{"taxonomy":"product_brand","embeddable":true,"href":"https:\/\/aceautomation.eu\/fr\/wp-json\/wp\/v2\/product_brand?post=27283"},{"taxonomy":"product_cat","embeddable":true,"href":"https:\/\/aceautomation.eu\/fr\/wp-json\/wp\/v2\/product_cat?post=27283"},{"taxonomy":"product_tag","embeddable":true,"href":"https:\/\/aceautomation.eu\/fr\/wp-json\/wp\/v2\/product_tag?post=27283"}],"curies":[{"name":"wp","href":"https:\/\/api.w.org\/{rel}","templated":true}]}}