{"id":27841,"date":"2023-01-27T14:05:17","date_gmt":"2023-01-27T13:05:17","guid":{"rendered":"https:\/\/aceautomation.eu\/?post_type=product&#038;p=27841"},"modified":"2025-10-31T12:51:08","modified_gmt":"2025-10-31T11:51:08","slug":"ant-wifi-antenne-wifi-ip67-pour-ace-gtw-4g-gateway","status":"publish","type":"product","link":"https:\/\/aceautomation.eu\/fr\/produit\/ant-wifi-antenne-wifi-ip67-pour-ace-gtw-4g-gateway\/","title":{"rendered":"ANT-WIFI <br>Antenne WiFi <br>IP67 <br>pour ACE-GTW-4G Gateway"},"content":{"rendered":"<p>Antenne WiFi : 2400-2500 MHz \/ 4 dB \/ 50 Ohms<br \/>\nDimensions : 46 mm de diam\u00e8tre * 15 mm de hauteur<br \/>\nType de connecteur : SMB femelle (pas SMA !)<\/p>\n","protected":false},"excerpt":{"rendered":"<p>A utiliser avec la passerelle ACE-GTW-4G<br \/>\nLongueur du c\u00e2ble : 2,0 m<br \/>\nConnecteurs : SMB (pas SMA !)<br \/>\n\u00c9tanch\u00e9it\u00e9 IP67 \/ diam\u00e8tre 46 mm<br \/>\n3M double face + \u00e9crou pour trou de 12 mm de diam\u00e8tre<\/p>\n","protected":false},"featured_media":27851,"template":"","meta":{"_seopress_robots_primary_cat":"","_seopress_titles_title":"","_seopress_titles_desc":"","_seopress_robots_index":"","_et_pb_use_builder":"","_et_pb_old_content":"","_et_gb_content_width":""},"product_brand":[],"product_cat":[132],"product_tag":[],"class_list":{"0":"post-27841","1":"product","2":"type-product","3":"status-publish","4":"has-post-thumbnail","6":"product_cat-4g-gateway-fr","8":"first","9":"instock","10":"taxable","11":"shipping-taxable","12":"purchasable","13":"product-type-simple"},"_links":{"self":[{"href":"https:\/\/aceautomation.eu\/fr\/wp-json\/wp\/v2\/product\/27841","targetHints":{"allow":["GET"]}}],"collection":[{"href":"https:\/\/aceautomation.eu\/fr\/wp-json\/wp\/v2\/product"}],"about":[{"href":"https:\/\/aceautomation.eu\/fr\/wp-json\/wp\/v2\/types\/product"}],"wp:featuredmedia":[{"embeddable":true,"href":"https:\/\/aceautomation.eu\/fr\/wp-json\/wp\/v2\/media\/27851"}],"wp:attachment":[{"href":"https:\/\/aceautomation.eu\/fr\/wp-json\/wp\/v2\/media?parent=27841"}],"wp:term":[{"taxonomy":"product_brand","embeddable":true,"href":"https:\/\/aceautomation.eu\/fr\/wp-json\/wp\/v2\/product_brand?post=27841"},{"taxonomy":"product_cat","embeddable":true,"href":"https:\/\/aceautomation.eu\/fr\/wp-json\/wp\/v2\/product_cat?post=27841"},{"taxonomy":"product_tag","embeddable":true,"href":"https:\/\/aceautomation.eu\/fr\/wp-json\/wp\/v2\/product_tag?post=27841"}],"curies":[{"name":"wp","href":"https:\/\/api.w.org\/{rel}","templated":true}]}}