{"id":28051,"date":"2023-03-10T16:39:00","date_gmt":"2023-03-10T15:39:00","guid":{"rendered":"https:\/\/aceautomation.eu\/?post_type=product&#038;p=28051"},"modified":"2026-03-30T15:35:46","modified_gmt":"2026-03-30T13:35:46","slug":"hm-156qs-ecran-tactile-hmi-156-pouces-true-colors-ecran-tft-1920x1080-port-ethernet-1-port-serie-rs232-485-1-port-usb-a","status":"publish","type":"product","link":"https:\/\/aceautomation.eu\/fr\/produit\/hm-156qs-ecran-tactile-hmi-156-pouces-true-colors-ecran-tft-1920x1080-port-ethernet-1-port-serie-rs232-485-1-port-usb-a\/","title":{"rendered":"HM-156QS <br>\u00c9cran tactile HMI 15,6 pouces <br>True Colors <br>\u00c9cran TFT 1920\u00d71080 <br>Port Ethernet <br>1 port s\u00e9rie RS232\/485 <br> 1 port USB-A"},"content":{"rendered":"<p><strong>M\u00e9moire<\/strong> 4Go EMMC + 256 MB DDR3<br \/>\n<strong>Technologie d&#8217;\u00e9cran<\/strong> tactile r\u00e9sistif haute pr\u00e9cision \u00e0 4 fils<br \/>\n<strong>R\u00e9tro-\u00e9clairage<\/strong> LED<br \/>\n<strong>Degr\u00e9 de protection<\/strong> IP65 (panneau avant)<br \/>\n<strong>Dur\u00e9e de vie du r\u00e9tro\u00e9clairage<\/strong> 50 000 heures<br \/>\n<strong>Temp\u00e9rature de fonctionnement<\/strong> -20 +55\u00b0C<br \/>\n<strong>Humidit\u00e9 de fonctionnement<\/strong> 10 &#8211; 90% sans condensation<br \/>\n<strong>Mat\u00e9riau de la coque<\/strong> Alliage d&#8217;aluminium et t\u00f4le galvanis\u00e9e<br \/>\n<strong>Essai de rigidit\u00e9 di\u00e9lectrique<\/strong> 1000V AC, 1 minute<br \/>\n<strong>Niveau de choc<\/strong> 10-25Hz (dimension X Y Z 2G\/30 minutes)<br \/>\n<strong>Essai \u00e9lectrostatique<\/strong> Classe 4 \u00b18kV<br \/>\n<strong>Certification<\/strong> FCC Classe A CE Conforme aux normes EN55032 et EN55035<\/p>\n","protected":false},"excerpt":{"rendered":"<p>\u00c9cran 15,6&#8243; TFT (16:9W)<br \/>\nR\u00e9solution 1920\u00d71080<br \/>\nCouleurs r\u00e9elles 16,77 millions<br \/>\nLuminosit\u00e9 300 cd\/m2<br \/>\nM\u00e9moire 4G EMMC + 256 MB DDR3<br \/>\nProcesseur Cortex A7 1,2 GHz<br \/>\nPort USB-A h\u00f4te<br \/>\nT\u00e9l\u00e9chargement de programme via Ethernet<br \/>\nPort Ethernet<br \/>\nPort COM RS232\/RS485<br \/>\nAlimentation 24 VDC &#8211; 15 W<br \/>\nVESA 100 x 100 mm<br \/>\nDimensions 395 x 257 x 31 mm<br \/>\nD\u00e9coupe 383 x 246 mm<br \/>\nPoids 2.45 Kg<\/p>\n","protected":false},"featured_media":28054,"template":"","meta":{"_seopress_robots_primary_cat":"","_seopress_titles_title":"","_seopress_titles_desc":"","_seopress_robots_index":"","_et_pb_use_builder":"","_et_pb_old_content":"","_et_gb_content_width":""},"product_brand":[],"product_cat":[89],"product_tag":[],"class_list":{"0":"post-28051","1":"product","2":"type-product","3":"status-publish","4":"has-post-thumbnail","6":"product_cat-ihm-ecran-tactile","8":"first","9":"instock","10":"taxable","11":"shipping-taxable","12":"purchasable","13":"product-type-simple"},"_links":{"self":[{"href":"https:\/\/aceautomation.eu\/fr\/wp-json\/wp\/v2\/product\/28051","targetHints":{"allow":["GET"]}}],"collection":[{"href":"https:\/\/aceautomation.eu\/fr\/wp-json\/wp\/v2\/product"}],"about":[{"href":"https:\/\/aceautomation.eu\/fr\/wp-json\/wp\/v2\/types\/product"}],"wp:featuredmedia":[{"embeddable":true,"href":"https:\/\/aceautomation.eu\/fr\/wp-json\/wp\/v2\/media\/28054"}],"wp:attachment":[{"href":"https:\/\/aceautomation.eu\/fr\/wp-json\/wp\/v2\/media?parent=28051"}],"wp:term":[{"taxonomy":"product_brand","embeddable":true,"href":"https:\/\/aceautomation.eu\/fr\/wp-json\/wp\/v2\/product_brand?post=28051"},{"taxonomy":"product_cat","embeddable":true,"href":"https:\/\/aceautomation.eu\/fr\/wp-json\/wp\/v2\/product_cat?post=28051"},{"taxonomy":"product_tag","embeddable":true,"href":"https:\/\/aceautomation.eu\/fr\/wp-json\/wp\/v2\/product_tag?post=28051"}],"curies":[{"name":"wp","href":"https:\/\/api.w.org\/{rel}","templated":true}]}}