{"id":29641,"date":"2024-03-22T15:51:59","date_gmt":"2024-03-22T14:51:59","guid":{"rendered":"https:\/\/aceautomation.eu\/?post_type=product&#038;p=29641"},"modified":"2026-04-10T20:28:49","modified_gmt":"2026-04-10T18:28:49","slug":"capteur-de-lumiere-de-temperature-et-dhumidite-modbus-rtu-rs485-ip65","status":"publish","type":"product","link":"https:\/\/aceautomation.eu\/fr\/produit\/capteur-de-lumiere-de-temperature-et-dhumidite-modbus-rtu-rs485-ip65\/","title":{"rendered":"ACE-THL-MB <br>Capteur de lumi\u00e8re, de temp\u00e9rature et d&#8217;humidit\u00e9 <br>Modbus RTU RS485 <br>IP65"},"content":{"rendered":"<p>Voir le tutoriel :<br \/>\n<a href=\"https:\/\/www.support.aceautomation.eu\/knowledge-base\/ip65-modbus-light-temperature-humidity-sensor-connected-to-hmi\/\" target=\"_blank\" rel=\"noopener\">IP65 Modbus Light, Temperature, Humidity Sensor connected to HMI<\/a><\/p>\n","protected":false},"excerpt":{"rendered":"<p><span data-spm-anchor-id=\"a2g0o.detail.1000023.i1.3ccb10b8qGc4yy\">Capteur de lumi\u00e8re, temp\u00e9rature et humidit\u00e9 IP65<br \/>\nEsclave Modbus RTU RS485<br \/>\nPlage de temp\u00e9rature -30 +80\u00b0C (+\/- 5% C \u00e0 20\u00b0c)<br \/>\nPlage de luminosit\u00e9 0-65535 Lux +\/- 7%<br \/>\nPlage d&#8217;humidit\u00e9 0-100% +\/- 3%<br \/>\nC\u00e2ble de 1 m de long<br \/>\n12-24 VDC<br \/>\nTrous de fixation de 3,5 mm<br \/>\nDimensions : L 90 x H (58 + 41) x P (36 + 8) mm<\/span><\/p>\n","protected":false},"featured_media":30045,"template":"","meta":{"_seopress_robots_primary_cat":"none","_seopress_titles_title":"","_seopress_titles_desc":"","_seopress_robots_index":"","_et_pb_use_builder":"","_et_pb_old_content":"","_et_gb_content_width":""},"product_brand":[],"product_cat":[85],"product_tag":[],"class_list":{"0":"post-29641","1":"product","2":"type-product","3":"status-publish","4":"has-post-thumbnail","6":"product_cat-accessoire","8":"first","9":"instock","10":"taxable","11":"shipping-taxable","12":"purchasable","13":"product-type-simple"},"_links":{"self":[{"href":"https:\/\/aceautomation.eu\/fr\/wp-json\/wp\/v2\/product\/29641","targetHints":{"allow":["GET"]}}],"collection":[{"href":"https:\/\/aceautomation.eu\/fr\/wp-json\/wp\/v2\/product"}],"about":[{"href":"https:\/\/aceautomation.eu\/fr\/wp-json\/wp\/v2\/types\/product"}],"wp:featuredmedia":[{"embeddable":true,"href":"https:\/\/aceautomation.eu\/fr\/wp-json\/wp\/v2\/media\/30045"}],"wp:attachment":[{"href":"https:\/\/aceautomation.eu\/fr\/wp-json\/wp\/v2\/media?parent=29641"}],"wp:term":[{"taxonomy":"product_brand","embeddable":true,"href":"https:\/\/aceautomation.eu\/fr\/wp-json\/wp\/v2\/product_brand?post=29641"},{"taxonomy":"product_cat","embeddable":true,"href":"https:\/\/aceautomation.eu\/fr\/wp-json\/wp\/v2\/product_cat?post=29641"},{"taxonomy":"product_tag","embeddable":true,"href":"https:\/\/aceautomation.eu\/fr\/wp-json\/wp\/v2\/product_tag?post=29641"}],"curies":[{"name":"wp","href":"https:\/\/api.w.org\/{rel}","templated":true}]}}