{"id":30420,"date":"2024-10-04T11:39:03","date_gmt":"2024-10-04T09:39:03","guid":{"rendered":"https:\/\/aceautomation.eu\/?post_type=product&#038;p=30420"},"modified":"2026-04-10T20:28:49","modified_gmt":"2026-04-10T18:28:49","slug":"u-tc-k-8-thermocouple-type-k-0oc-500oc-non-relie-a-la-masse-8m","status":"publish","type":"product","link":"https:\/\/aceautomation.eu\/fr\/produit\/u-tc-k-8-thermocouple-type-k-0oc-500oc-non-relie-a-la-masse-8m\/","title":{"rendered":"U-TC-K-8 <br>Thermocouple type K <br>0\u00baC +500\u00baC <br> Non reli\u00e9 \u00e0 la masse <br> 8m"},"content":{"rendered":"<p><a href=\"https:\/\/www.support.aceautomation.eu\/knowledge-base\/thermocouple-16-bit-differential-low-voltage\/\" target=\"_blank\" rel=\"noopener\">Entr\u00e9es analogiques thermocouple K<\/a><br \/>\n<a href=\"https:\/\/www.support.aceautomation.eu\/knowledge-base\/ungrounded-vs-grounded-vs-exposed-thermocouple-probes\/\" target=\"_blank\" rel=\"noopener\">Jonction non reli\u00e9e \u00e0 la masse<\/a><br \/>\n<a href=\"https:\/\/www.support.aceautomation.eu\/knowledge-base\/how-to-wire-and-calibrate-a-thermocouple\/\" target=\"_blank\" rel=\"noopener\">Comment c\u00e2bler et calibrer<\/a><\/p>\n","protected":false},"excerpt":{"rendered":"<p id=\"result_box\" lang=\"en\">Pour entr\u00e9es thermocouple K (ACE = 16 bits)<br \/>\nJonction non reli\u00e9e \u00e0 la masse<br \/>\nPlage de fonctionnement : 0\u00baC \u00e0 +500\u00baC<br \/>\n<strong>Longueur 8 m\u00e8tres<\/strong><br \/>\nSonde 5 x 30 mm<br \/>\nC\u00e2ble m\u00e9tallique tress\u00e9 externe<\/p>\n","protected":false},"featured_media":30665,"template":"","meta":{"_seopress_robots_primary_cat":"none","_seopress_titles_title":"","_seopress_titles_desc":"","_seopress_robots_index":"","_et_pb_use_builder":"","_et_pb_old_content":"","_et_gb_content_width":""},"product_brand":[],"product_cat":[85],"product_tag":[],"class_list":{"0":"post-30420","1":"product","2":"type-product","3":"status-publish","4":"has-post-thumbnail","6":"product_cat-accessoire","8":"first","9":"instock","10":"taxable","11":"shipping-taxable","12":"purchasable","13":"product-type-simple"},"_links":{"self":[{"href":"https:\/\/aceautomation.eu\/fr\/wp-json\/wp\/v2\/product\/30420","targetHints":{"allow":["GET"]}}],"collection":[{"href":"https:\/\/aceautomation.eu\/fr\/wp-json\/wp\/v2\/product"}],"about":[{"href":"https:\/\/aceautomation.eu\/fr\/wp-json\/wp\/v2\/types\/product"}],"wp:featuredmedia":[{"embeddable":true,"href":"https:\/\/aceautomation.eu\/fr\/wp-json\/wp\/v2\/media\/30665"}],"wp:attachment":[{"href":"https:\/\/aceautomation.eu\/fr\/wp-json\/wp\/v2\/media?parent=30420"}],"wp:term":[{"taxonomy":"product_brand","embeddable":true,"href":"https:\/\/aceautomation.eu\/fr\/wp-json\/wp\/v2\/product_brand?post=30420"},{"taxonomy":"product_cat","embeddable":true,"href":"https:\/\/aceautomation.eu\/fr\/wp-json\/wp\/v2\/product_cat?post=30420"},{"taxonomy":"product_tag","embeddable":true,"href":"https:\/\/aceautomation.eu\/fr\/wp-json\/wp\/v2\/product_tag?post=30420"}],"curies":[{"name":"wp","href":"https:\/\/api.w.org\/{rel}","templated":true}]}}