{"id":30697,"date":"2024-11-25T15:44:14","date_gmt":"2024-11-25T14:44:14","guid":{"rendered":"https:\/\/aceautomation.eu\/?post_type=product&#038;p=30697"},"modified":"2025-11-28T11:47:58","modified_gmt":"2025-11-28T10:47:58","slug":"adaptateur-dalimentation-ca-fiche-murale-12-vdc-1-a","status":"publish","type":"product","link":"https:\/\/aceautomation.eu\/fr\/produit\/adaptateur-dalimentation-ca-fiche-murale-12-vdc-1-a\/","title":{"rendered":"Adaptateur d&#8217;alimentation CA <br>Fiche murale <br>12 VDC \/ 1 A"},"content":{"rendered":"","protected":false},"excerpt":{"rendered":"<p data-start=\"44\" data-end=\"65\">Alimentation pour :<\/p>\n<ul data-start=\"67\" data-end=\"209\">\n<li data-start=\"67\" data-end=\"126\">ACE-GTW-4G (+ adaptateur de c\u00e2ble optionnel 5.5\/2.1 mm)<\/li>\n<li data-start=\"127\" data-end=\"164\">ou ACE PLC (couper le connecteur)<\/li>\n<li data-start=\"165\" data-end=\"209\">ou IHM 3.5 \u00e0 7.0&#8243; (couper le connecteur)<\/li>\n<\/ul>\n<p data-start=\"211\" data-end=\"335\">Entr\u00e9e : 100-240 VCA 50\/60 Hz<br data-start=\"244\" data-end=\"247\" \/>Sortie : 12 VCC 1 A<br data-start=\"270\" data-end=\"273\" \/>Longueur du c\u00e2ble : 1 m<br data-start=\"300\" data-end=\"303\" \/>Connecteur DC : 5.5\/2.1 mm<\/p>\n<ul data-start=\"337\" data-end=\"495\">\n<li data-start=\"337\" data-end=\"389\">Les ACE PLC peuvent \u00eatre aliment\u00e9s de 5 \u00e0 24 VCC<\/li>\n<li data-start=\"390\" data-end=\"439\">L&#8217;ACE-GTW-4G peut \u00eatre aliment\u00e9 de 9 \u00e0 28 VCC<\/li>\n<li data-start=\"440\" data-end=\"495\">L&#8217;IHM 3.5 \u00e0 7.0&#8243; peut \u00eatre aliment\u00e9e de 12 \u00e0 24 VCC<\/li>\n<\/ul>\n","protected":false},"featured_media":30700,"template":"","meta":{"_seopress_robots_primary_cat":"none","_seopress_titles_title":"","_seopress_titles_desc":"","_seopress_robots_index":"","_et_pb_use_builder":"","_et_pb_old_content":"","_et_gb_content_width":""},"product_brand":[],"product_cat":[85],"product_tag":[],"class_list":{"0":"post-30697","1":"product","2":"type-product","3":"status-publish","4":"has-post-thumbnail","6":"product_cat-accessoire","8":"first","9":"instock","10":"taxable","11":"shipping-taxable","12":"purchasable","13":"product-type-simple"},"_links":{"self":[{"href":"https:\/\/aceautomation.eu\/fr\/wp-json\/wp\/v2\/product\/30697","targetHints":{"allow":["GET"]}}],"collection":[{"href":"https:\/\/aceautomation.eu\/fr\/wp-json\/wp\/v2\/product"}],"about":[{"href":"https:\/\/aceautomation.eu\/fr\/wp-json\/wp\/v2\/types\/product"}],"wp:featuredmedia":[{"embeddable":true,"href":"https:\/\/aceautomation.eu\/fr\/wp-json\/wp\/v2\/media\/30700"}],"wp:attachment":[{"href":"https:\/\/aceautomation.eu\/fr\/wp-json\/wp\/v2\/media?parent=30697"}],"wp:term":[{"taxonomy":"product_brand","embeddable":true,"href":"https:\/\/aceautomation.eu\/fr\/wp-json\/wp\/v2\/product_brand?post=30697"},{"taxonomy":"product_cat","embeddable":true,"href":"https:\/\/aceautomation.eu\/fr\/wp-json\/wp\/v2\/product_cat?post=30697"},{"taxonomy":"product_tag","embeddable":true,"href":"https:\/\/aceautomation.eu\/fr\/wp-json\/wp\/v2\/product_tag?post=30697"}],"curies":[{"name":"wp","href":"https:\/\/api.w.org\/{rel}","templated":true}]}}