{"id":30944,"date":"2024-12-17T14:47:35","date_gmt":"2024-12-17T13:47:35","guid":{"rendered":"https:\/\/aceautomation.eu\/?post_type=product&#038;p=30944"},"modified":"2025-10-31T12:51:23","modified_gmt":"2025-10-31T11:51:23","slug":"l-bracket-support-en-l-pour-toutes-les-antennes-a-visser","status":"publish","type":"product","link":"https:\/\/aceautomation.eu\/fr\/produit\/l-bracket-support-en-l-pour-toutes-les-antennes-a-visser\/","title":{"rendered":"L-BRACKET <br>Support en L <br>pour Antenne \u00e0 Visser"},"content":{"rendered":"","protected":false},"excerpt":{"rendered":"<p>T\u00f4le pli\u00e9e peinte<br \/>\nDimensions : 40 mm * (40 mm + 50 mm) * 1,1 mm<br \/>\nTrou de 12 mm de diam\u00e8tre<\/p>\n","protected":false},"featured_media":30949,"template":"","meta":{"_seopress_robots_primary_cat":"none","_seopress_titles_title":"","_seopress_titles_desc":"","_seopress_robots_index":"","_et_pb_use_builder":"","_et_pb_old_content":"","_et_gb_content_width":""},"product_brand":[],"product_cat":[132],"product_tag":[],"class_list":{"0":"post-30944","1":"product","2":"type-product","3":"status-publish","4":"has-post-thumbnail","6":"product_cat-4g-gateway-fr","8":"first","9":"instock","10":"taxable","11":"shipping-taxable","12":"purchasable","13":"product-type-simple"},"_links":{"self":[{"href":"https:\/\/aceautomation.eu\/fr\/wp-json\/wp\/v2\/product\/30944","targetHints":{"allow":["GET"]}}],"collection":[{"href":"https:\/\/aceautomation.eu\/fr\/wp-json\/wp\/v2\/product"}],"about":[{"href":"https:\/\/aceautomation.eu\/fr\/wp-json\/wp\/v2\/types\/product"}],"wp:featuredmedia":[{"embeddable":true,"href":"https:\/\/aceautomation.eu\/fr\/wp-json\/wp\/v2\/media\/30949"}],"wp:attachment":[{"href":"https:\/\/aceautomation.eu\/fr\/wp-json\/wp\/v2\/media?parent=30944"}],"wp:term":[{"taxonomy":"product_brand","embeddable":true,"href":"https:\/\/aceautomation.eu\/fr\/wp-json\/wp\/v2\/product_brand?post=30944"},{"taxonomy":"product_cat","embeddable":true,"href":"https:\/\/aceautomation.eu\/fr\/wp-json\/wp\/v2\/product_cat?post=30944"},{"taxonomy":"product_tag","embeddable":true,"href":"https:\/\/aceautomation.eu\/fr\/wp-json\/wp\/v2\/product_tag?post=30944"}],"curies":[{"name":"wp","href":"https:\/\/api.w.org\/{rel}","templated":true}]}}