{"id":26319,"date":"2022-03-21T10:10:21","date_gmt":"2022-03-21T09:10:21","guid":{"rendered":"https:\/\/aceautomation.eu\/hmi-ihm-definition-facile\/"},"modified":"2022-03-21T10:24:19","modified_gmt":"2022-03-21T09:24:19","slug":"definicion-simple-y-general-de-una-hmi","status":"publish","type":"page","link":"https:\/\/aceautomation.eu\/it\/definicion-simple-y-general-de-una-hmi\/","title":{"rendered":"Definici\u00f3n simple y general de una HMI"},"content":{"rendered":"<p><img decoding=\"async\" class=\"size-full wp-image-24692 alignright\" src=\"https:\/\/aceautomation.eu\/wp-content\/uploads\/hmi-touch-panel.png\" alt=\"\" width=\"300\" height=\"300\" srcset=\"https:\/\/aceautomation.eu\/wp-content\/uploads\/hmi-touch-panel.png 300w, https:\/\/aceautomation.eu\/wp-content\/uploads\/hmi-touch-panel-150x150.png 150w, https:\/\/aceautomation.eu\/wp-content\/uploads\/hmi-touch-panel-100x100.png 100w\" sizes=\"(max-width: 300px) 100vw, 300px\" \/><\/p>\n<p>Una interfaz hombre-m\u00e1quina (IHM) es una interfaz de usuario que conecta a una persona con una m\u00e1quina, sistema o dispositivo. El t\u00e9rmino define ampliamente cualquier dispositivo que permite a un usuario interactuar con un dispositivo en un entorno industrial.<\/p>\n<p>La interfaz incluye las 3 principales funciones de interacci\u00f3n humana:<\/p>\n<ul>\n<li>T\u00e1ctil (control mediante botones, pantallas t\u00e1ctiles, teclados, teclados)<\/li>\n<li>Mirar (seguimiento y control en pantalla, supervisi\u00f3n de columnas luminosas)<\/li>\n<li>Escuchar (alarmas sonoras, pitidos)<\/li>\n<\/ul>\n<p>Los dispositivos HMI en entornos industriales permiten supervisar y\/o controlar los equipos a los que est\u00e1n conectados a trav\u00e9s de un PLC (programable o no).<br \/>\nLas funciones son las siguientes<\/p>\n<ul>\n<li>Ajustes<\/li>\n<li>Control y mando<\/li>\n<li>Monitorizaci\u00f3n y supervisi\u00f3n<\/li>\n<li>Almacenamiento de datos hist\u00f3ricos<\/li>\n<li>Pasarela inteligent<\/li>\n<\/ul>\n<p>&nbsp;<\/p>\n<p>&nbsp;<\/p>\n<p>&nbsp;<\/p>\n<p>&nbsp;<\/p>\n<p>&nbsp;<\/p>\n<p>&nbsp;<\/p>\n","protected":false},"excerpt":{"rendered":"<p>Una interfaz hombre-m\u00e1quina (IHM) es una interfaz de usuario que conecta a una persona con una m\u00e1quina, sistema o dispositivo. El t\u00e9rmino define ampliamente cualquier dispositivo que permite a un usuario interactuar con un dispositivo en un entorno industrial. La interfaz incluye las 3 principales funciones de interacci\u00f3n humana: T\u00e1ctil (control mediante botones, pantallas t\u00e1ctiles, [&hellip;]<\/p>\n","protected":false},"author":1,"featured_media":0,"parent":0,"menu_order":0,"comment_status":"closed","ping_status":"closed","template":"","meta":{"_seopress_robots_primary_cat":"","_seopress_titles_title":"","_seopress_titles_desc":"","_seopress_robots_index":"","_et_pb_use_builder":"","_et_pb_old_content":"","_et_gb_content_width":"","footnotes":""},"class_list":["post-26319","page","type-page","status-publish","hentry"],"_links":{"self":[{"href":"https:\/\/aceautomation.eu\/it\/wp-json\/wp\/v2\/pages\/26319","targetHints":{"allow":["GET"]}}],"collection":[{"href":"https:\/\/aceautomation.eu\/it\/wp-json\/wp\/v2\/pages"}],"about":[{"href":"https:\/\/aceautomation.eu\/it\/wp-json\/wp\/v2\/types\/page"}],"author":[{"embeddable":true,"href":"https:\/\/aceautomation.eu\/it\/wp-json\/wp\/v2\/users\/1"}],"replies":[{"embeddable":true,"href":"https:\/\/aceautomation.eu\/it\/wp-json\/wp\/v2\/comments?post=26319"}],"version-history":[{"count":6,"href":"https:\/\/aceautomation.eu\/it\/wp-json\/wp\/v2\/pages\/26319\/revisions"}],"predecessor-version":[{"id":26343,"href":"https:\/\/aceautomation.eu\/it\/wp-json\/wp\/v2\/pages\/26319\/revisions\/26343"}],"wp:attachment":[{"href":"https:\/\/aceautomation.eu\/it\/wp-json\/wp\/v2\/media?parent=26319"}],"curies":[{"name":"wp","href":"https:\/\/api.w.org\/{rel}","templated":true}]}}