{"id":10831,"date":"2018-05-14T11:46:20","date_gmt":"2018-05-14T09:46:20","guid":{"rendered":"https:\/\/aceautomation.eu\/product\/vtool-utensile-cacciavite-per-connettori-ace\/"},"modified":"2025-10-31T12:49:14","modified_gmt":"2025-10-31T11:49:14","slug":"vtool-utensile-cacciavite-per-connettori-ace","status":"publish","type":"product","link":"https:\/\/aceautomation.eu\/it\/prodotto\/vtool-utensile-cacciavite-per-connettori-ace\/","title":{"rendered":"VTOOL <\/br>Utensile cacciavite <\/br>Per connettori ACE"},"content":{"rendered":"","protected":false},"excerpt":{"rendered":"<p>Les connecteurs \u00e0 ressort sont faciles \u00e0 utiliser malgr\u00e9 leur faible hauteur.<br \/>\nLes fils pleins sont d&#8217;abord d\u00e9nud\u00e9s et ensuite ins\u00e9r\u00e9s directement sans l&#8217;utilisation d&#8217;outils.<br \/>\nPeut \u00eatre d\u00e9verrouill\u00e9 \u00e0 l&#8217;aide d&#8217;un petit tournevis plat de 1 mm.<\/p>\n","protected":false},"featured_media":1446,"template":"","meta":{"_seopress_robots_primary_cat":"","_seopress_titles_title":"","_seopress_titles_desc":"","_seopress_robots_index":"","_et_pb_use_builder":"","_et_pb_old_content":"","_et_gb_content_width":""},"product_brand":[],"product_cat":[87],"product_tag":[],"class_list":{"0":"post-10831","1":"product","2":"type-product","3":"status-publish","4":"has-post-thumbnail","6":"product_cat-accesorios","8":"first","9":"instock","10":"taxable","11":"shipping-taxable","12":"purchasable","13":"product-type-simple"},"_links":{"self":[{"href":"https:\/\/aceautomation.eu\/it\/wp-json\/wp\/v2\/product\/10831","targetHints":{"allow":["GET"]}}],"collection":[{"href":"https:\/\/aceautomation.eu\/it\/wp-json\/wp\/v2\/product"}],"about":[{"href":"https:\/\/aceautomation.eu\/it\/wp-json\/wp\/v2\/types\/product"}],"wp:featuredmedia":[{"embeddable":true,"href":"https:\/\/aceautomation.eu\/it\/wp-json\/wp\/v2\/media\/1446"}],"wp:attachment":[{"href":"https:\/\/aceautomation.eu\/it\/wp-json\/wp\/v2\/media?parent=10831"}],"wp:term":[{"taxonomy":"product_brand","embeddable":true,"href":"https:\/\/aceautomation.eu\/it\/wp-json\/wp\/v2\/product_brand?post=10831"},{"taxonomy":"product_cat","embeddable":true,"href":"https:\/\/aceautomation.eu\/it\/wp-json\/wp\/v2\/product_cat?post=10831"},{"taxonomy":"product_tag","embeddable":true,"href":"https:\/\/aceautomation.eu\/it\/wp-json\/wp\/v2\/product_tag?post=10831"}],"curies":[{"name":"wp","href":"https:\/\/api.w.org\/{rel}","templated":true}]}}