{"id":32691,"date":"2025-11-06T17:21:14","date_gmt":"2025-11-06T16:21:14","guid":{"rendered":"https:\/\/aceautomation.eu\/?post_type=product&#038;p=32691"},"modified":"2026-03-19T18:08:46","modified_gmt":"2026-03-19T17:08:46","slug":"hmi-043u2s-hmi-touch-panel-4-3-169-display-tft-480x272-px-1677-m-colori-1xrs232-1xrs485-2xusb","status":"publish","type":"product","link":"https:\/\/aceautomation.eu\/it\/prodotto\/hmi-043u2s-hmi-touch-panel-4-3-169-display-tft-480x272-px-1677-m-colori-1xrs232-1xrs485-2xusb\/","title":{"rendered":"HMI-043U2S <br>HMI Touch Panel 4.3&#8243; 16:9 <br>Display TFT 480\u00d7272 px <br>16,77 M Colori <br>1\u00d7RS232 + 1\u00d7RS485 <br> 2\u00d7USB"},"content":{"rendered":"<p>\n\t\t\t<div class='et-tabs-container et_sliderfx_fade et_sliderauto_false et_sliderauto_speed_5000 et_slidertype_top_tabs'>\n\t\t\t\t<ul class='et-tabs-control'>\n\t\t\t<li><a href='#'>\n\t\t\t<strong>Structure &amp; Environment<\/strong>\n\t\t<\/a><\/li>\n\n\t\t<li><a href='#'>\n\t\t\t<strong>Power Supply<\/strong>\n\t\t<\/a><\/li>\n\n\t\t<li><a href='#'>\n\t\t\t<strong>Display<\/strong>\n\t\t<\/a><\/li>\n\n\t\t<li><a href='#'>\n\t\t\t<strong>Hardware<\/strong>\n\t\t<\/a><\/li>\n\n\t\t<li><a href='#'>\n\t\t\t<strong>Other<\/strong>\n\t\t<\/a><\/li>\n\t\t<\/ul><\/p>\n\n\t\t<div class='et-tabs-content'>\n\t\t\t<div class='et-tabs-content-main-wrap'>\n\t\t\t\t<div class='et-tabs-content-wrapper'>\n\t\t\t\t\t<div class='et_slidecontent'>\n\t\t\t<p>Working environment temperature: -20\u00b0C~55\u00b0C (no freezing)<\/p>\n<p>Working environment humidity: 5~95% (non-condensing)<\/p>\n<p>Shock resistance: 10~25Hz (XYZ direction 2G\/30 minutes)<\/p>\n<p>Shell material: Engineering plastic ABS+PC<\/p>\n\t\t<\/div>\n\n\t\t<div class='et_slidecontent'>\n\t\t\t<p>Power supply voltage: (DC12~24V)\u00b115%<\/p>\n<p>Static level: \u00b16kV<\/p>\n\t\t<\/div>\n\n\t\t<div class='et_slidecontent'>\n\t\t\t<p>Contrast: 400:1<\/p>\n<p>Touch panel: 4-wire high precision touch panel<\/p>\n<p>Display colors: 16.77 million<\/p>\n<p>Backlight Module: LED<\/p>\n\t\t<\/div>\n\n\t\t<div class='et_slidecontent'>\n\t\t\t<p>Storage: 128MB DDR3<\/p>\n<p>CPU: Cortex A7 1GHz, Dual Core<\/p>\n<p>RAM: 128MB FLASH<\/p>\n\t\t<\/div>\n\n\t\t<div class='et_slidecontent'>\n\t\t\t<p>FCC Compatibility: Complies with FCC, Class A<\/p>\n<p>Withstand voltage test: 1000V AC, 1 minute<\/p>\n<p>CE certification: Complies with EN55032 and EN55035 standards<\/p>\n<p>Protection class: IP65 (front panel)<\/p>\n<p>Configuration Software: CommandHMI<\/p>\n\t\t<\/div>\n\t\t\t\t<\/div>\n\t\t\t<\/div>\n\t\t<\/div>\n\t\t\t<\/div><\/p>\n<p>&nbsp;<\/p>\n\n","protected":false},"excerpt":{"rendered":"<p><strong>\u2726 Frontale senza marchio, stile neutro<\/strong><br \/>\n<strong>Dimensioni<\/strong>: 139\u00d786\u00d731 mm<br \/>\n<strong>Taglio<\/strong>: 132\u00d780 mm<br \/>\n<strong>Dimensione display<\/strong>: 4.3\" (16:9) TFT 96\u00d753 mm<br \/>\n<strong>Risoluzione<\/strong>: 480\u00d7272 px<br \/>\n<strong>Luminosit\u00e0<\/strong>: 400 cd\/m\u00b2<br \/>\n<strong>Peso<\/strong>: 200 gr<br \/>\n<strong>Alimentazione<\/strong>: 12-28 VDC 3 W<br \/>\n<strong>Porte seriali<\/strong>: COM1:RS232 COM2:RS485\/422 Modbus, ASCII &amp; altro\u2026<br \/>\n<strong>Porta USB-A host<\/strong>: Modbus master a PLC ACE o Esportazione dati (chiave USB)<\/p>\n\n","protected":false},"featured_media":33292,"template":"","meta":{"_seopress_robots_primary_cat":"none","_seopress_titles_title":"","_seopress_titles_desc":"","_seopress_robots_index":"","_et_pb_use_builder":"","_et_pb_old_content":"","_et_gb_content_width":""},"product_brand":[],"product_cat":[91],"product_tag":[],"class_list":{"0":"post-32691","1":"product","2":"type-product","3":"status-publish","4":"has-post-thumbnail","6":"product_cat-hmi-touch-panel-it","8":"first","9":"instock","10":"taxable","11":"shipping-taxable","12":"purchasable","13":"product-type-simple"},"_links":{"self":[{"href":"https:\/\/aceautomation.eu\/it\/wp-json\/wp\/v2\/product\/32691","targetHints":{"allow":["GET"]}}],"collection":[{"href":"https:\/\/aceautomation.eu\/it\/wp-json\/wp\/v2\/product"}],"about":[{"href":"https:\/\/aceautomation.eu\/it\/wp-json\/wp\/v2\/types\/product"}],"wp:featuredmedia":[{"embeddable":true,"href":"https:\/\/aceautomation.eu\/it\/wp-json\/wp\/v2\/media\/33292"}],"wp:attachment":[{"href":"https:\/\/aceautomation.eu\/it\/wp-json\/wp\/v2\/media?parent=32691"}],"wp:term":[{"taxonomy":"product_brand","embeddable":true,"href":"https:\/\/aceautomation.eu\/it\/wp-json\/wp\/v2\/product_brand?post=32691"},{"taxonomy":"product_cat","embeddable":true,"href":"https:\/\/aceautomation.eu\/it\/wp-json\/wp\/v2\/product_cat?post=32691"},{"taxonomy":"product_tag","embeddable":true,"href":"https:\/\/aceautomation.eu\/it\/wp-json\/wp\/v2\/product_tag?post=32691"}],"curies":[{"name":"wp","href":"https:\/\/api.w.org\/{rel}","templated":true}]}}